{"id":201,"date":"2020-11-20T02:04:17","date_gmt":"2020-11-20T01:04:17","guid":{"rendered":"https:\/\/test.biketower.cz\/?page_id=201"},"modified":"2022-07-29T10:14:16","modified_gmt":"2022-07-29T08:14:16","slug":"obsazenost_bratislava_parickova","status":"publish","type":"page","link":"https:\/\/www.biketower.cz\/de\/obsazenost_bratislava_parickova\/","title":{"rendered":"Bratislava SK"},"content":{"rendered":"\n<p><strong><strong>Investor<\/strong>:<\/strong> HB Reavis Slovakia<br><strong>Inbetriebnahme:<\/strong> 2021<\/p>\n","protected":false},"excerpt":{"rendered":"<p>Investor: HB Reavis SlovakiaInbetriebnahme: 2021<\/p>\n","protected":false},"author":1,"featured_media":0,"parent":0,"menu_order":0,"comment_status":"closed","ping_status":"closed","template":"parts\/obsazenost-detail-page-de.php","meta":{"_acf_changed":false,"inline_featured_image":false,"footnotes":""},"class_list":["post-201","page","type-page","status-publish","hentry"],"acf":[],"yoast_head":"<!-- This site is optimized with the Yoast SEO plugin v25.9 - https:\/\/yoast.com\/wordpress\/plugins\/seo\/ -->\n<title>Bratislava SK - BIKETOWER - DE<\/title>\n<meta name=\"robots\" content=\"index, follow, max-snippet:-1, max-image-preview:large, max-video-preview:-1\" \/>\n<link rel=\"canonical\" href=\"https:\/\/www.biketower.cz\/de\/obsazenost_bratislava_parickova\/\" \/>\n<meta property=\"og:locale\" content=\"cs_CZ\" \/>\n<meta property=\"og:type\" content=\"article\" \/>\n<meta property=\"og:title\" content=\"Bratislava SK - BIKETOWER - DE\" \/>\n<meta property=\"og:description\" content=\"Investor: HB Reavis SlovakiaInbetriebnahme: 2021\" \/>\n<meta property=\"og:url\" content=\"https:\/\/www.biketower.cz\/de\/obsazenost_bratislava_parickova\/\" \/>\n<meta property=\"og:site_name\" content=\"BIKETOWER - DE\" \/>\n<meta property=\"article:modified_time\" content=\"2022-07-29T08:14:16+00:00\" \/>\n<meta name=\"twitter:card\" content=\"summary_large_image\" \/>\n<meta name=\"twitter:label1\" content=\"Odhadovan\u00e1 doba \u010dten\u00ed\" \/>\n\t<meta name=\"twitter:data1\" content=\"1 minuta\" \/>\n<script type=\"application\/ld+json\" class=\"yoast-schema-graph\">{\"@context\":\"https:\/\/schema.org\",\"@graph\":[{\"@type\":\"WebPage\",\"@id\":\"https:\/\/www.biketower.cz\/de\/obsazenost_bratislava_parickova\/\",\"url\":\"https:\/\/www.biketower.cz\/de\/obsazenost_bratislava_parickova\/\",\"name\":\"Bratislava SK - BIKETOWER - DE\",\"isPartOf\":{\"@id\":\"https:\/\/www.biketower.cz\/de\/#website\"},\"datePublished\":\"2020-11-20T01:04:17+00:00\",\"dateModified\":\"2022-07-29T08:14:16+00:00\",\"breadcrumb\":{\"@id\":\"https:\/\/www.biketower.cz\/de\/obsazenost_bratislava_parickova\/#breadcrumb\"},\"inLanguage\":\"cs\",\"potentialAction\":[{\"@type\":\"ReadAction\",\"target\":[\"https:\/\/www.biketower.cz\/de\/obsazenost_bratislava_parickova\/\"]}]},{\"@type\":\"BreadcrumbList\",\"@id\":\"https:\/\/www.biketower.cz\/de\/obsazenost_bratislava_parickova\/#breadcrumb\",\"itemListElement\":[{\"@type\":\"ListItem\",\"position\":1,\"name\":\"Dom\u016f\",\"item\":\"https:\/\/www.biketower.cz\/de\/\"},{\"@type\":\"ListItem\",\"position\":2,\"name\":\"Bratislava SK\"}]},{\"@type\":\"WebSite\",\"@id\":\"https:\/\/www.biketower.cz\/de\/#website\",\"url\":\"https:\/\/www.biketower.cz\/de\/\",\"name\":\"BIKETOWER - DE\",\"description\":\"Dal\u0161\u00ed nov\u00fd web v r\u00e1mci s\u00edt\u011b BIKETOWER net\",\"potentialAction\":[{\"@type\":\"SearchAction\",\"target\":{\"@type\":\"EntryPoint\",\"urlTemplate\":\"https:\/\/www.biketower.cz\/de\/?s={search_term_string}\"},\"query-input\":{\"@type\":\"PropertyValueSpecification\",\"valueRequired\":true,\"valueName\":\"search_term_string\"}}],\"inLanguage\":\"cs\"}]}<\/script>\n<!-- \/ Yoast SEO plugin. -->","yoast_head_json":{"title":"Bratislava SK - BIKETOWER - DE","robots":{"index":"index","follow":"follow","max-snippet":"max-snippet:-1","max-image-preview":"max-image-preview:large","max-video-preview":"max-video-preview:-1"},"canonical":"https:\/\/www.biketower.cz\/de\/obsazenost_bratislava_parickova\/","og_locale":"cs_CZ","og_type":"article","og_title":"Bratislava SK - BIKETOWER - DE","og_description":"Investor: HB Reavis SlovakiaInbetriebnahme: 2021","og_url":"https:\/\/www.biketower.cz\/de\/obsazenost_bratislava_parickova\/","og_site_name":"BIKETOWER - DE","article_modified_time":"2022-07-29T08:14:16+00:00","twitter_card":"summary_large_image","twitter_misc":{"Odhadovan\u00e1 doba \u010dten\u00ed":"1 minuta"},"schema":{"@context":"https:\/\/schema.org","@graph":[{"@type":"WebPage","@id":"https:\/\/www.biketower.cz\/de\/obsazenost_bratislava_parickova\/","url":"https:\/\/www.biketower.cz\/de\/obsazenost_bratislava_parickova\/","name":"Bratislava SK - BIKETOWER - DE","isPartOf":{"@id":"https:\/\/www.biketower.cz\/de\/#website"},"datePublished":"2020-11-20T01:04:17+00:00","dateModified":"2022-07-29T08:14:16+00:00","breadcrumb":{"@id":"https:\/\/www.biketower.cz\/de\/obsazenost_bratislava_parickova\/#breadcrumb"},"inLanguage":"cs","potentialAction":[{"@type":"ReadAction","target":["https:\/\/www.biketower.cz\/de\/obsazenost_bratislava_parickova\/"]}]},{"@type":"BreadcrumbList","@id":"https:\/\/www.biketower.cz\/de\/obsazenost_bratislava_parickova\/#breadcrumb","itemListElement":[{"@type":"ListItem","position":1,"name":"Dom\u016f","item":"https:\/\/www.biketower.cz\/de\/"},{"@type":"ListItem","position":2,"name":"Bratislava SK"}]},{"@type":"WebSite","@id":"https:\/\/www.biketower.cz\/de\/#website","url":"https:\/\/www.biketower.cz\/de\/","name":"BIKETOWER - DE","description":"Dal\u0161\u00ed nov\u00fd web v r\u00e1mci s\u00edt\u011b BIKETOWER net","potentialAction":[{"@type":"SearchAction","target":{"@type":"EntryPoint","urlTemplate":"https:\/\/www.biketower.cz\/de\/?s={search_term_string}"},"query-input":{"@type":"PropertyValueSpecification","valueRequired":true,"valueName":"search_term_string"}}],"inLanguage":"cs"}]}},"_links":{"self":[{"href":"https:\/\/www.biketower.cz\/de\/wp-json\/wp\/v2\/pages\/201","targetHints":{"allow":["GET"]}}],"collection":[{"href":"https:\/\/www.biketower.cz\/de\/wp-json\/wp\/v2\/pages"}],"about":[{"href":"https:\/\/www.biketower.cz\/de\/wp-json\/wp\/v2\/types\/page"}],"author":[{"embeddable":true,"href":"https:\/\/www.biketower.cz\/de\/wp-json\/wp\/v2\/users\/1"}],"replies":[{"embeddable":true,"href":"https:\/\/www.biketower.cz\/de\/wp-json\/wp\/v2\/comments?post=201"}],"version-history":[{"count":4,"href":"https:\/\/www.biketower.cz\/de\/wp-json\/wp\/v2\/pages\/201\/revisions"}],"predecessor-version":[{"id":935,"href":"https:\/\/www.biketower.cz\/de\/wp-json\/wp\/v2\/pages\/201\/revisions\/935"}],"wp:attachment":[{"href":"https:\/\/www.biketower.cz\/de\/wp-json\/wp\/v2\/media?parent=201"}],"curies":[{"name":"wp","href":"https:\/\/api.w.org\/{rel}","templated":true}]}}