{"id":214,"date":"2020-11-20T02:31:36","date_gmt":"2020-11-20T01:31:36","guid":{"rendered":"https:\/\/test.biketower.cz\/?page_id=214"},"modified":"2022-07-29T10:13:17","modified_gmt":"2022-07-29T08:13:17","slug":"obsazenost_beroun_nadrazi","status":"publish","type":"page","link":"https:\/\/www.biketower.cz\/de\/obsazenost_beroun_nadrazi\/","title":{"rendered":"Beroun"},"content":{"rendered":"\n<p><strong><strong>Investor<\/strong>:<\/strong> Stadt Beroun<br><strong>Inbetriebnahme<\/strong>: 2020<\/p>\n","protected":false},"excerpt":{"rendered":"<p>Investor: Stadt BerounInbetriebnahme: 2020<\/p>\n","protected":false},"author":1,"featured_media":0,"parent":0,"menu_order":0,"comment_status":"closed","ping_status":"closed","template":"parts\/obsazenost-detail-page-de.php","meta":{"_acf_changed":false,"inline_featured_image":false,"footnotes":""},"class_list":["post-214","page","type-page","status-publish","hentry"],"acf":[],"yoast_head":"<!-- This site is optimized with the Yoast SEO plugin v27.4 - https:\/\/yoast.com\/product\/yoast-seo-wordpress\/ -->\n<title>Beroun - BIKETOWER - DE<\/title>\n<meta name=\"robots\" content=\"index, follow, max-snippet:-1, max-image-preview:large, max-video-preview:-1\" \/>\n<link rel=\"canonical\" href=\"https:\/\/www.biketower.cz\/de\/obsazenost_beroun_nadrazi\/\" \/>\n<meta property=\"og:locale\" content=\"cs_CZ\" \/>\n<meta property=\"og:type\" content=\"article\" \/>\n<meta property=\"og:title\" content=\"Beroun - BIKETOWER - DE\" \/>\n<meta property=\"og:description\" content=\"Investor: Stadt BerounInbetriebnahme: 2020\" \/>\n<meta property=\"og:url\" content=\"https:\/\/www.biketower.cz\/de\/obsazenost_beroun_nadrazi\/\" \/>\n<meta property=\"og:site_name\" content=\"BIKETOWER - DE\" \/>\n<meta property=\"article:modified_time\" content=\"2022-07-29T08:13:17+00:00\" \/>\n<meta name=\"twitter:card\" content=\"summary_large_image\" \/>\n<meta name=\"twitter:label1\" content=\"Odhadovan\u00e1 doba \u010dten\u00ed\" \/>\n\t<meta name=\"twitter:data1\" content=\"1 minuta\" \/>\n<script type=\"application\/ld+json\" class=\"yoast-schema-graph\">{\"@context\":\"https:\\\/\\\/schema.org\",\"@graph\":[{\"@type\":\"WebPage\",\"@id\":\"https:\\\/\\\/www.biketower.cz\\\/de\\\/obsazenost_beroun_nadrazi\\\/\",\"url\":\"https:\\\/\\\/www.biketower.cz\\\/de\\\/obsazenost_beroun_nadrazi\\\/\",\"name\":\"Beroun - BIKETOWER - DE\",\"isPartOf\":{\"@id\":\"https:\\\/\\\/www.biketower.cz\\\/de\\\/#website\"},\"datePublished\":\"2020-11-20T01:31:36+00:00\",\"dateModified\":\"2022-07-29T08:13:17+00:00\",\"breadcrumb\":{\"@id\":\"https:\\\/\\\/www.biketower.cz\\\/de\\\/obsazenost_beroun_nadrazi\\\/#breadcrumb\"},\"inLanguage\":\"cs\",\"potentialAction\":[{\"@type\":\"ReadAction\",\"target\":[\"https:\\\/\\\/www.biketower.cz\\\/de\\\/obsazenost_beroun_nadrazi\\\/\"]}]},{\"@type\":\"BreadcrumbList\",\"@id\":\"https:\\\/\\\/www.biketower.cz\\\/de\\\/obsazenost_beroun_nadrazi\\\/#breadcrumb\",\"itemListElement\":[{\"@type\":\"ListItem\",\"position\":1,\"name\":\"Dom\u016f\",\"item\":\"https:\\\/\\\/www.biketower.cz\\\/de\\\/\"},{\"@type\":\"ListItem\",\"position\":2,\"name\":\"Beroun\"}]},{\"@type\":\"WebSite\",\"@id\":\"https:\\\/\\\/www.biketower.cz\\\/de\\\/#website\",\"url\":\"https:\\\/\\\/www.biketower.cz\\\/de\\\/\",\"name\":\"BIKETOWER - DE\",\"description\":\"Dal\u0161\u00ed nov\u00fd web v r\u00e1mci s\u00edt\u011b BIKETOWER net\",\"potentialAction\":[{\"@type\":\"SearchAction\",\"target\":{\"@type\":\"EntryPoint\",\"urlTemplate\":\"https:\\\/\\\/www.biketower.cz\\\/de\\\/?s={search_term_string}\"},\"query-input\":{\"@type\":\"PropertyValueSpecification\",\"valueRequired\":true,\"valueName\":\"search_term_string\"}}],\"inLanguage\":\"cs\"}]}<\/script>\n<!-- \/ Yoast SEO plugin. -->","yoast_head_json":{"title":"Beroun - BIKETOWER - DE","robots":{"index":"index","follow":"follow","max-snippet":"max-snippet:-1","max-image-preview":"max-image-preview:large","max-video-preview":"max-video-preview:-1"},"canonical":"https:\/\/www.biketower.cz\/de\/obsazenost_beroun_nadrazi\/","og_locale":"cs_CZ","og_type":"article","og_title":"Beroun - BIKETOWER - DE","og_description":"Investor: Stadt BerounInbetriebnahme: 2020","og_url":"https:\/\/www.biketower.cz\/de\/obsazenost_beroun_nadrazi\/","og_site_name":"BIKETOWER - DE","article_modified_time":"2022-07-29T08:13:17+00:00","twitter_card":"summary_large_image","twitter_misc":{"Odhadovan\u00e1 doba \u010dten\u00ed":"1 minuta"},"schema":{"@context":"https:\/\/schema.org","@graph":[{"@type":"WebPage","@id":"https:\/\/www.biketower.cz\/de\/obsazenost_beroun_nadrazi\/","url":"https:\/\/www.biketower.cz\/de\/obsazenost_beroun_nadrazi\/","name":"Beroun - BIKETOWER - DE","isPartOf":{"@id":"https:\/\/www.biketower.cz\/de\/#website"},"datePublished":"2020-11-20T01:31:36+00:00","dateModified":"2022-07-29T08:13:17+00:00","breadcrumb":{"@id":"https:\/\/www.biketower.cz\/de\/obsazenost_beroun_nadrazi\/#breadcrumb"},"inLanguage":"cs","potentialAction":[{"@type":"ReadAction","target":["https:\/\/www.biketower.cz\/de\/obsazenost_beroun_nadrazi\/"]}]},{"@type":"BreadcrumbList","@id":"https:\/\/www.biketower.cz\/de\/obsazenost_beroun_nadrazi\/#breadcrumb","itemListElement":[{"@type":"ListItem","position":1,"name":"Dom\u016f","item":"https:\/\/www.biketower.cz\/de\/"},{"@type":"ListItem","position":2,"name":"Beroun"}]},{"@type":"WebSite","@id":"https:\/\/www.biketower.cz\/de\/#website","url":"https:\/\/www.biketower.cz\/de\/","name":"BIKETOWER - DE","description":"Dal\u0161\u00ed nov\u00fd web v r\u00e1mci s\u00edt\u011b BIKETOWER net","potentialAction":[{"@type":"SearchAction","target":{"@type":"EntryPoint","urlTemplate":"https:\/\/www.biketower.cz\/de\/?s={search_term_string}"},"query-input":{"@type":"PropertyValueSpecification","valueRequired":true,"valueName":"search_term_string"}}],"inLanguage":"cs"}]}},"_links":{"self":[{"href":"https:\/\/www.biketower.cz\/de\/wp-json\/wp\/v2\/pages\/214","targetHints":{"allow":["GET"]}}],"collection":[{"href":"https:\/\/www.biketower.cz\/de\/wp-json\/wp\/v2\/pages"}],"about":[{"href":"https:\/\/www.biketower.cz\/de\/wp-json\/wp\/v2\/types\/page"}],"author":[{"embeddable":true,"href":"https:\/\/www.biketower.cz\/de\/wp-json\/wp\/v2\/users\/1"}],"replies":[{"embeddable":true,"href":"https:\/\/www.biketower.cz\/de\/wp-json\/wp\/v2\/comments?post=214"}],"version-history":[{"count":7,"href":"https:\/\/www.biketower.cz\/de\/wp-json\/wp\/v2\/pages\/214\/revisions"}],"predecessor-version":[{"id":937,"href":"https:\/\/www.biketower.cz\/de\/wp-json\/wp\/v2\/pages\/214\/revisions\/937"}],"wp:attachment":[{"href":"https:\/\/www.biketower.cz\/de\/wp-json\/wp\/v2\/media?parent=214"}],"curies":[{"name":"wp","href":"https:\/\/api.w.org\/{rel}","templated":true}]}}