{"id":27,"date":"2020-11-18T09:10:57","date_gmt":"2020-11-18T08:10:57","guid":{"rendered":"https:\/\/test.biketower.cz\/?page_id=27"},"modified":"2022-06-21T10:31:45","modified_gmt":"2022-06-21T08:31:45","slug":"faq","status":"publish","type":"page","link":"https:\/\/www.biketower.cz\/de\/faq\/","title":{"rendered":"H\u00e4ufig gestellte Fragen"},"content":{"rendered":"","protected":false},"excerpt":{"rendered":"","protected":false},"author":1,"featured_media":0,"parent":0,"menu_order":0,"comment_status":"closed","ping_status":"closed","template":"parts\/faq-page-de.php","meta":{"_acf_changed":false,"inline_featured_image":false,"footnotes":""},"class_list":["post-27","page","type-page","status-publish","hentry"],"acf":[],"yoast_head":"<!-- This site is optimized with the Yoast SEO plugin v25.9 - https:\/\/yoast.com\/wordpress\/plugins\/seo\/ -->\n<title>H\u00e4ufig gestellte Fragen - BIKETOWER - DE<\/title>\n<meta name=\"robots\" content=\"index, follow, max-snippet:-1, max-image-preview:large, max-video-preview:-1\" \/>\n<link rel=\"canonical\" href=\"https:\/\/www.biketower.cz\/de\/faq\/\" \/>\n<meta property=\"og:locale\" content=\"cs_CZ\" \/>\n<meta property=\"og:type\" content=\"article\" \/>\n<meta property=\"og:title\" content=\"H\u00e4ufig gestellte Fragen - BIKETOWER - DE\" \/>\n<meta property=\"og:url\" content=\"https:\/\/www.biketower.cz\/de\/faq\/\" \/>\n<meta property=\"og:site_name\" content=\"BIKETOWER - DE\" \/>\n<meta property=\"article:modified_time\" content=\"2022-06-21T08:31:45+00:00\" \/>\n<meta name=\"twitter:card\" content=\"summary_large_image\" \/>\n<script type=\"application\/ld+json\" class=\"yoast-schema-graph\">{\"@context\":\"https:\/\/schema.org\",\"@graph\":[{\"@type\":\"WebPage\",\"@id\":\"https:\/\/www.biketower.cz\/de\/faq\/\",\"url\":\"https:\/\/www.biketower.cz\/de\/faq\/\",\"name\":\"H\u00e4ufig gestellte Fragen - BIKETOWER - DE\",\"isPartOf\":{\"@id\":\"https:\/\/www.biketower.cz\/de\/#website\"},\"datePublished\":\"2020-11-18T08:10:57+00:00\",\"dateModified\":\"2022-06-21T08:31:45+00:00\",\"breadcrumb\":{\"@id\":\"https:\/\/www.biketower.cz\/de\/faq\/#breadcrumb\"},\"inLanguage\":\"cs\",\"potentialAction\":[{\"@type\":\"ReadAction\",\"target\":[\"https:\/\/www.biketower.cz\/de\/faq\/\"]}]},{\"@type\":\"BreadcrumbList\",\"@id\":\"https:\/\/www.biketower.cz\/de\/faq\/#breadcrumb\",\"itemListElement\":[{\"@type\":\"ListItem\",\"position\":1,\"name\":\"Dom\u016f\",\"item\":\"https:\/\/www.biketower.cz\/de\/\"},{\"@type\":\"ListItem\",\"position\":2,\"name\":\"H\u00e4ufig gestellte Fragen\"}]},{\"@type\":\"WebSite\",\"@id\":\"https:\/\/www.biketower.cz\/de\/#website\",\"url\":\"https:\/\/www.biketower.cz\/de\/\",\"name\":\"BIKETOWER - DE\",\"description\":\"Dal\u0161\u00ed nov\u00fd web v r\u00e1mci s\u00edt\u011b BIKETOWER net\",\"potentialAction\":[{\"@type\":\"SearchAction\",\"target\":{\"@type\":\"EntryPoint\",\"urlTemplate\":\"https:\/\/www.biketower.cz\/de\/?s={search_term_string}\"},\"query-input\":{\"@type\":\"PropertyValueSpecification\",\"valueRequired\":true,\"valueName\":\"search_term_string\"}}],\"inLanguage\":\"cs\"}]}<\/script>\n<!-- \/ Yoast SEO plugin. -->","yoast_head_json":{"title":"H\u00e4ufig gestellte Fragen - BIKETOWER - DE","robots":{"index":"index","follow":"follow","max-snippet":"max-snippet:-1","max-image-preview":"max-image-preview:large","max-video-preview":"max-video-preview:-1"},"canonical":"https:\/\/www.biketower.cz\/de\/faq\/","og_locale":"cs_CZ","og_type":"article","og_title":"H\u00e4ufig gestellte Fragen - BIKETOWER - DE","og_url":"https:\/\/www.biketower.cz\/de\/faq\/","og_site_name":"BIKETOWER - DE","article_modified_time":"2022-06-21T08:31:45+00:00","twitter_card":"summary_large_image","schema":{"@context":"https:\/\/schema.org","@graph":[{"@type":"WebPage","@id":"https:\/\/www.biketower.cz\/de\/faq\/","url":"https:\/\/www.biketower.cz\/de\/faq\/","name":"H\u00e4ufig gestellte Fragen - BIKETOWER - DE","isPartOf":{"@id":"https:\/\/www.biketower.cz\/de\/#website"},"datePublished":"2020-11-18T08:10:57+00:00","dateModified":"2022-06-21T08:31:45+00:00","breadcrumb":{"@id":"https:\/\/www.biketower.cz\/de\/faq\/#breadcrumb"},"inLanguage":"cs","potentialAction":[{"@type":"ReadAction","target":["https:\/\/www.biketower.cz\/de\/faq\/"]}]},{"@type":"BreadcrumbList","@id":"https:\/\/www.biketower.cz\/de\/faq\/#breadcrumb","itemListElement":[{"@type":"ListItem","position":1,"name":"Dom\u016f","item":"https:\/\/www.biketower.cz\/de\/"},{"@type":"ListItem","position":2,"name":"H\u00e4ufig gestellte Fragen"}]},{"@type":"WebSite","@id":"https:\/\/www.biketower.cz\/de\/#website","url":"https:\/\/www.biketower.cz\/de\/","name":"BIKETOWER - DE","description":"Dal\u0161\u00ed nov\u00fd web v r\u00e1mci s\u00edt\u011b BIKETOWER net","potentialAction":[{"@type":"SearchAction","target":{"@type":"EntryPoint","urlTemplate":"https:\/\/www.biketower.cz\/de\/?s={search_term_string}"},"query-input":{"@type":"PropertyValueSpecification","valueRequired":true,"valueName":"search_term_string"}}],"inLanguage":"cs"}]}},"_links":{"self":[{"href":"https:\/\/www.biketower.cz\/de\/wp-json\/wp\/v2\/pages\/27","targetHints":{"allow":["GET"]}}],"collection":[{"href":"https:\/\/www.biketower.cz\/de\/wp-json\/wp\/v2\/pages"}],"about":[{"href":"https:\/\/www.biketower.cz\/de\/wp-json\/wp\/v2\/types\/page"}],"author":[{"embeddable":true,"href":"https:\/\/www.biketower.cz\/de\/wp-json\/wp\/v2\/users\/1"}],"replies":[{"embeddable":true,"href":"https:\/\/www.biketower.cz\/de\/wp-json\/wp\/v2\/comments?post=27"}],"version-history":[{"count":1,"href":"https:\/\/www.biketower.cz\/de\/wp-json\/wp\/v2\/pages\/27\/revisions"}],"predecessor-version":[{"id":703,"href":"https:\/\/www.biketower.cz\/de\/wp-json\/wp\/v2\/pages\/27\/revisions\/703"}],"wp:attachment":[{"href":"https:\/\/www.biketower.cz\/de\/wp-json\/wp\/v2\/media?parent=27"}],"curies":[{"name":"wp","href":"https:\/\/api.w.org\/{rel}","templated":true}]}}