{"id":29,"date":"2020-11-18T09:11:28","date_gmt":"2020-11-18T08:11:28","guid":{"rendered":"https:\/\/test.biketower.cz\/?page_id=29"},"modified":"2022-08-19T14:13:20","modified_gmt":"2022-08-19T12:13:20","slug":"kontakt","status":"publish","type":"page","link":"https:\/\/www.biketower.cz\/de\/kontakt\/","title":{"rendered":"Kontakt"},"content":{"rendered":"\n<p><strong>JEDNATEL<\/strong><\/p>\n\n\n\n<p>Rudolf&nbsp;Bernart<br>Tel:&nbsp;+420&nbsp;777&nbsp;675&nbsp;677,&nbsp;Email:\u202frudolf.bernart@biketower.cz<\/p>\n\n\n\n<p><strong>JEDNATEL<\/strong><\/p>\n\n\n\n<p>Boris&nbsp;Fuk\u00e1tko<br>Email:\u202fboris.fukatko@biketower.cz&nbsp;<\/p>\n","protected":false},"excerpt":{"rendered":"<p>JEDNATEL Rudolf&nbsp;BernartTel:&nbsp;+420&nbsp;777&nbsp;675&nbsp;677,&nbsp;Email:\u202frudolf.bernart@biketower.cz JEDNATEL Boris&nbsp;Fuk\u00e1tkoEmail:\u202fboris.fukatko@biketower.cz&nbsp;<\/p>\n","protected":false},"author":1,"featured_media":0,"parent":0,"menu_order":0,"comment_status":"closed","ping_status":"closed","template":"parts\/kontakt-page-de.php","meta":{"_acf_changed":false,"inline_featured_image":false,"footnotes":""},"class_list":["post-29","page","type-page","status-publish","hentry"],"acf":[],"yoast_head":"<!-- This site is optimized with the Yoast SEO plugin v25.9 - https:\/\/yoast.com\/wordpress\/plugins\/seo\/ -->\n<title>Kontakt - BIKETOWER - DE<\/title>\n<meta name=\"robots\" content=\"index, follow, max-snippet:-1, max-image-preview:large, max-video-preview:-1\" \/>\n<link rel=\"canonical\" href=\"https:\/\/www.biketower.cz\/de\/kontakt\/\" \/>\n<meta property=\"og:locale\" content=\"cs_CZ\" \/>\n<meta property=\"og:type\" content=\"article\" \/>\n<meta property=\"og:title\" content=\"Kontakt - BIKETOWER - DE\" \/>\n<meta property=\"og:description\" content=\"JEDNATEL Rudolf&nbsp;BernartTel:&nbsp;+420&nbsp;777&nbsp;675&nbsp;677,&nbsp;Email:\u202frudolf.bernart@biketower.cz JEDNATEL Boris&nbsp;Fuk\u00e1tkoEmail:\u202fboris.fukatko@biketower.cz&nbsp;\" \/>\n<meta property=\"og:url\" content=\"https:\/\/www.biketower.cz\/de\/kontakt\/\" \/>\n<meta property=\"og:site_name\" content=\"BIKETOWER - DE\" \/>\n<meta property=\"article:modified_time\" content=\"2022-08-19T12:13:20+00:00\" \/>\n<meta name=\"twitter:card\" content=\"summary_large_image\" \/>\n<meta name=\"twitter:label1\" content=\"Odhadovan\u00e1 doba \u010dten\u00ed\" \/>\n\t<meta name=\"twitter:data1\" content=\"1 minuta\" \/>\n<script type=\"application\/ld+json\" class=\"yoast-schema-graph\">{\"@context\":\"https:\/\/schema.org\",\"@graph\":[{\"@type\":\"WebPage\",\"@id\":\"https:\/\/www.biketower.cz\/de\/kontakt\/\",\"url\":\"https:\/\/www.biketower.cz\/de\/kontakt\/\",\"name\":\"Kontakt - BIKETOWER - DE\",\"isPartOf\":{\"@id\":\"https:\/\/www.biketower.cz\/de\/#website\"},\"datePublished\":\"2020-11-18T08:11:28+00:00\",\"dateModified\":\"2022-08-19T12:13:20+00:00\",\"breadcrumb\":{\"@id\":\"https:\/\/www.biketower.cz\/de\/kontakt\/#breadcrumb\"},\"inLanguage\":\"cs\",\"potentialAction\":[{\"@type\":\"ReadAction\",\"target\":[\"https:\/\/www.biketower.cz\/de\/kontakt\/\"]}]},{\"@type\":\"BreadcrumbList\",\"@id\":\"https:\/\/www.biketower.cz\/de\/kontakt\/#breadcrumb\",\"itemListElement\":[{\"@type\":\"ListItem\",\"position\":1,\"name\":\"Dom\u016f\",\"item\":\"https:\/\/www.biketower.cz\/de\/\"},{\"@type\":\"ListItem\",\"position\":2,\"name\":\"Kontakt\"}]},{\"@type\":\"WebSite\",\"@id\":\"https:\/\/www.biketower.cz\/de\/#website\",\"url\":\"https:\/\/www.biketower.cz\/de\/\",\"name\":\"BIKETOWER - DE\",\"description\":\"Dal\u0161\u00ed nov\u00fd web v r\u00e1mci s\u00edt\u011b BIKETOWER net\",\"potentialAction\":[{\"@type\":\"SearchAction\",\"target\":{\"@type\":\"EntryPoint\",\"urlTemplate\":\"https:\/\/www.biketower.cz\/de\/?s={search_term_string}\"},\"query-input\":{\"@type\":\"PropertyValueSpecification\",\"valueRequired\":true,\"valueName\":\"search_term_string\"}}],\"inLanguage\":\"cs\"}]}<\/script>\n<!-- \/ Yoast SEO plugin. -->","yoast_head_json":{"title":"Kontakt - BIKETOWER - DE","robots":{"index":"index","follow":"follow","max-snippet":"max-snippet:-1","max-image-preview":"max-image-preview:large","max-video-preview":"max-video-preview:-1"},"canonical":"https:\/\/www.biketower.cz\/de\/kontakt\/","og_locale":"cs_CZ","og_type":"article","og_title":"Kontakt - BIKETOWER - DE","og_description":"JEDNATEL Rudolf&nbsp;BernartTel:&nbsp;+420&nbsp;777&nbsp;675&nbsp;677,&nbsp;Email:\u202frudolf.bernart@biketower.cz JEDNATEL Boris&nbsp;Fuk\u00e1tkoEmail:\u202fboris.fukatko@biketower.cz&nbsp;","og_url":"https:\/\/www.biketower.cz\/de\/kontakt\/","og_site_name":"BIKETOWER - DE","article_modified_time":"2022-08-19T12:13:20+00:00","twitter_card":"summary_large_image","twitter_misc":{"Odhadovan\u00e1 doba \u010dten\u00ed":"1 minuta"},"schema":{"@context":"https:\/\/schema.org","@graph":[{"@type":"WebPage","@id":"https:\/\/www.biketower.cz\/de\/kontakt\/","url":"https:\/\/www.biketower.cz\/de\/kontakt\/","name":"Kontakt - BIKETOWER - DE","isPartOf":{"@id":"https:\/\/www.biketower.cz\/de\/#website"},"datePublished":"2020-11-18T08:11:28+00:00","dateModified":"2022-08-19T12:13:20+00:00","breadcrumb":{"@id":"https:\/\/www.biketower.cz\/de\/kontakt\/#breadcrumb"},"inLanguage":"cs","potentialAction":[{"@type":"ReadAction","target":["https:\/\/www.biketower.cz\/de\/kontakt\/"]}]},{"@type":"BreadcrumbList","@id":"https:\/\/www.biketower.cz\/de\/kontakt\/#breadcrumb","itemListElement":[{"@type":"ListItem","position":1,"name":"Dom\u016f","item":"https:\/\/www.biketower.cz\/de\/"},{"@type":"ListItem","position":2,"name":"Kontakt"}]},{"@type":"WebSite","@id":"https:\/\/www.biketower.cz\/de\/#website","url":"https:\/\/www.biketower.cz\/de\/","name":"BIKETOWER - DE","description":"Dal\u0161\u00ed nov\u00fd web v r\u00e1mci s\u00edt\u011b BIKETOWER net","potentialAction":[{"@type":"SearchAction","target":{"@type":"EntryPoint","urlTemplate":"https:\/\/www.biketower.cz\/de\/?s={search_term_string}"},"query-input":{"@type":"PropertyValueSpecification","valueRequired":true,"valueName":"search_term_string"}}],"inLanguage":"cs"}]}},"_links":{"self":[{"href":"https:\/\/www.biketower.cz\/de\/wp-json\/wp\/v2\/pages\/29","targetHints":{"allow":["GET"]}}],"collection":[{"href":"https:\/\/www.biketower.cz\/de\/wp-json\/wp\/v2\/pages"}],"about":[{"href":"https:\/\/www.biketower.cz\/de\/wp-json\/wp\/v2\/types\/page"}],"author":[{"embeddable":true,"href":"https:\/\/www.biketower.cz\/de\/wp-json\/wp\/v2\/users\/1"}],"replies":[{"embeddable":true,"href":"https:\/\/www.biketower.cz\/de\/wp-json\/wp\/v2\/comments?post=29"}],"version-history":[{"count":1,"href":"https:\/\/www.biketower.cz\/de\/wp-json\/wp\/v2\/pages\/29\/revisions"}],"predecessor-version":[{"id":705,"href":"https:\/\/www.biketower.cz\/de\/wp-json\/wp\/v2\/pages\/29\/revisions\/705"}],"wp:attachment":[{"href":"https:\/\/www.biketower.cz\/de\/wp-json\/wp\/v2\/media?parent=29"}],"curies":[{"name":"wp","href":"https:\/\/api.w.org\/{rel}","templated":true}]}}