{"id":431,"date":"2020-11-16T10:49:04","date_gmt":"2020-11-16T09:49:04","guid":{"rendered":"https:\/\/test.biketower.cz\/?page_id=7"},"modified":"2025-06-20T11:49:06","modified_gmt":"2025-06-20T09:49:06","slug":"biketower","status":"publish","type":"page","link":"https:\/\/www.biketower.cz\/de\/","title":{"rendered":"BIKETOWER"},"content":{"rendered":"","protected":false},"excerpt":{"rendered":"","protected":false},"author":1,"featured_media":0,"parent":0,"menu_order":0,"comment_status":"closed","ping_status":"closed","template":"parts\/home-page-de.php","meta":{"_acf_changed":true,"inline_featured_image":false,"footnotes":""},"class_list":["post-431","page","type-page","status-publish","hentry"],"acf":[],"yoast_head":"<!-- This site is optimized with the Yoast SEO plugin v25.9 - https:\/\/yoast.com\/wordpress\/plugins\/seo\/ -->\n<title>BIKETOWER - Cyklov\u011b\u017e pro bezpe\u010dn\u00e9 uschov\u00e1n\u00ed kola<\/title>\n<meta name=\"description\" content=\"Cyklov\u011b\u017e BIKETOWER je samoobslu\u017en\u00fd skladovac\u00ed syst\u00e9m pro kola a pln\u00ed funkci modern\u00ed kol\u00e1rny s naprostou bezpe\u010dnost\u00ed proti odcizen\u00ed j\u00edzdn\u00edch kol a elektrokol.\" \/>\n<meta name=\"robots\" content=\"index, follow, max-snippet:-1, max-image-preview:large, max-video-preview:-1\" \/>\n<link rel=\"canonical\" href=\"https:\/\/www.biketower.cz\/\" \/>\n<meta property=\"og:locale\" content=\"cs_CZ\" \/>\n<meta property=\"og:type\" content=\"article\" \/>\n<meta property=\"og:title\" content=\"BIKETOWER - Cyklov\u011b\u017e pro bezpe\u010dn\u00e9 uschov\u00e1n\u00ed kola\" \/>\n<meta property=\"og:description\" content=\"Cyklov\u011b\u017e BIKETOWER je samoobslu\u017en\u00fd skladovac\u00ed syst\u00e9m pro kola a pln\u00ed funkci modern\u00ed kol\u00e1rny s naprostou bezpe\u010dnost\u00ed proti odcizen\u00ed j\u00edzdn\u00edch kol a elektrokol.\" \/>\n<meta property=\"og:url\" content=\"https:\/\/www.biketower.cz\/\" \/>\n<meta property=\"og:site_name\" content=\"BIKETOWER - DE\" \/>\n<meta property=\"article:modified_time\" content=\"2025-06-20T09:49:06+00:00\" \/>\n<meta name=\"twitter:card\" content=\"summary_large_image\" \/>\n<script type=\"application\/ld+json\" class=\"yoast-schema-graph\">{\"@context\":\"https:\/\/schema.org\",\"@graph\":[{\"@type\":\"WebPage\",\"@id\":\"https:\/\/www.biketower.cz\/de\/\",\"url\":\"https:\/\/www.biketower.cz\/\",\"name\":\"BIKETOWER - Cyklov\u011b\u017e pro bezpe\u010dn\u00e9 uschov\u00e1n\u00ed kola\",\"isPartOf\":{\"@id\":\"https:\/\/www.biketower.cz\/de\/#website\"},\"datePublished\":\"2020-11-16T09:49:04+00:00\",\"dateModified\":\"2025-06-20T09:49:06+00:00\",\"description\":\"Cyklov\u011b\u017e BIKETOWER je samoobslu\u017en\u00fd skladovac\u00ed syst\u00e9m pro kola a pln\u00ed funkci modern\u00ed kol\u00e1rny s naprostou bezpe\u010dnost\u00ed proti odcizen\u00ed j\u00edzdn\u00edch kol a elektrokol.\",\"breadcrumb\":{\"@id\":\"https:\/\/www.biketower.cz\/#breadcrumb\"},\"inLanguage\":\"cs\",\"potentialAction\":[{\"@type\":\"ReadAction\",\"target\":[\"https:\/\/www.biketower.cz\/\"]}]},{\"@type\":\"BreadcrumbList\",\"@id\":\"https:\/\/www.biketower.cz\/#breadcrumb\",\"itemListElement\":[{\"@type\":\"ListItem\",\"position\":1,\"name\":\"Dom\u016f\",\"item\":\"https:\/\/www.biketower.cz\/de\/\"},{\"@type\":\"ListItem\",\"position\":2,\"name\":\"BIKETOWER\"}]},{\"@type\":\"WebSite\",\"@id\":\"https:\/\/www.biketower.cz\/de\/#website\",\"url\":\"https:\/\/www.biketower.cz\/de\/\",\"name\":\"BIKETOWER - DE\",\"description\":\"Dal\u0161\u00ed nov\u00fd web v r\u00e1mci s\u00edt\u011b BIKETOWER net\",\"potentialAction\":[{\"@type\":\"SearchAction\",\"target\":{\"@type\":\"EntryPoint\",\"urlTemplate\":\"https:\/\/www.biketower.cz\/de\/?s={search_term_string}\"},\"query-input\":{\"@type\":\"PropertyValueSpecification\",\"valueRequired\":true,\"valueName\":\"search_term_string\"}}],\"inLanguage\":\"cs\"}]}<\/script>\n<!-- \/ Yoast SEO plugin. -->","yoast_head_json":{"title":"BIKETOWER - Cyklov\u011b\u017e pro bezpe\u010dn\u00e9 uschov\u00e1n\u00ed kola","description":"Cyklov\u011b\u017e BIKETOWER je samoobslu\u017en\u00fd skladovac\u00ed syst\u00e9m pro kola a pln\u00ed funkci modern\u00ed kol\u00e1rny s naprostou bezpe\u010dnost\u00ed proti odcizen\u00ed j\u00edzdn\u00edch kol a elektrokol.","robots":{"index":"index","follow":"follow","max-snippet":"max-snippet:-1","max-image-preview":"max-image-preview:large","max-video-preview":"max-video-preview:-1"},"canonical":"https:\/\/www.biketower.cz\/","og_locale":"cs_CZ","og_type":"article","og_title":"BIKETOWER - Cyklov\u011b\u017e pro bezpe\u010dn\u00e9 uschov\u00e1n\u00ed kola","og_description":"Cyklov\u011b\u017e BIKETOWER je samoobslu\u017en\u00fd skladovac\u00ed syst\u00e9m pro kola a pln\u00ed funkci modern\u00ed kol\u00e1rny s naprostou bezpe\u010dnost\u00ed proti odcizen\u00ed j\u00edzdn\u00edch kol a elektrokol.","og_url":"https:\/\/www.biketower.cz\/","og_site_name":"BIKETOWER - DE","article_modified_time":"2025-06-20T09:49:06+00:00","twitter_card":"summary_large_image","schema":{"@context":"https:\/\/schema.org","@graph":[{"@type":"WebPage","@id":"https:\/\/www.biketower.cz\/de\/","url":"https:\/\/www.biketower.cz\/","name":"BIKETOWER - Cyklov\u011b\u017e pro bezpe\u010dn\u00e9 uschov\u00e1n\u00ed kola","isPartOf":{"@id":"https:\/\/www.biketower.cz\/de\/#website"},"datePublished":"2020-11-16T09:49:04+00:00","dateModified":"2025-06-20T09:49:06+00:00","description":"Cyklov\u011b\u017e BIKETOWER je samoobslu\u017en\u00fd skladovac\u00ed syst\u00e9m pro kola a pln\u00ed funkci modern\u00ed kol\u00e1rny s naprostou bezpe\u010dnost\u00ed proti odcizen\u00ed j\u00edzdn\u00edch kol a elektrokol.","breadcrumb":{"@id":"https:\/\/www.biketower.cz\/#breadcrumb"},"inLanguage":"cs","potentialAction":[{"@type":"ReadAction","target":["https:\/\/www.biketower.cz\/"]}]},{"@type":"BreadcrumbList","@id":"https:\/\/www.biketower.cz\/#breadcrumb","itemListElement":[{"@type":"ListItem","position":1,"name":"Dom\u016f","item":"https:\/\/www.biketower.cz\/de\/"},{"@type":"ListItem","position":2,"name":"BIKETOWER"}]},{"@type":"WebSite","@id":"https:\/\/www.biketower.cz\/de\/#website","url":"https:\/\/www.biketower.cz\/de\/","name":"BIKETOWER - DE","description":"Dal\u0161\u00ed nov\u00fd web v r\u00e1mci s\u00edt\u011b BIKETOWER net","potentialAction":[{"@type":"SearchAction","target":{"@type":"EntryPoint","urlTemplate":"https:\/\/www.biketower.cz\/de\/?s={search_term_string}"},"query-input":{"@type":"PropertyValueSpecification","valueRequired":true,"valueName":"search_term_string"}}],"inLanguage":"cs"}]}},"_links":{"self":[{"href":"https:\/\/www.biketower.cz\/de\/wp-json\/wp\/v2\/pages\/431","targetHints":{"allow":["GET"]}}],"collection":[{"href":"https:\/\/www.biketower.cz\/de\/wp-json\/wp\/v2\/pages"}],"about":[{"href":"https:\/\/www.biketower.cz\/de\/wp-json\/wp\/v2\/types\/page"}],"author":[{"embeddable":true,"href":"https:\/\/www.biketower.cz\/de\/wp-json\/wp\/v2\/users\/1"}],"replies":[{"embeddable":true,"href":"https:\/\/www.biketower.cz\/de\/wp-json\/wp\/v2\/comments?post=431"}],"version-history":[{"count":3,"href":"https:\/\/www.biketower.cz\/de\/wp-json\/wp\/v2\/pages\/431\/revisions"}],"predecessor-version":[{"id":1061,"href":"https:\/\/www.biketower.cz\/de\/wp-json\/wp\/v2\/pages\/431\/revisions\/1061"}],"wp:attachment":[{"href":"https:\/\/www.biketower.cz\/de\/wp-json\/wp\/v2\/media?parent=431"}],"curies":[{"name":"wp","href":"https:\/\/api.w.org\/{rel}","templated":true}]}}