{"id":131,"date":"2020-12-22T14:36:43","date_gmt":"2020-12-22T13:36:43","guid":{"rendered":"https:\/\/www.biketower.cz\/en\/?page_id=131"},"modified":"2024-11-08T12:57:44","modified_gmt":"2024-11-08T11:57:44","slug":"lysa-nad-labem-ii","status":"publish","type":"page","link":"https:\/\/www.biketower.cz\/en\/lysa-nad-labem-ii\/","title":{"rendered":"Lys\u00e1 nad Labem II."},"content":{"rendered":"\n<p><strong>INVESTOR:<\/strong> City of Lys\u00e1 nad Labem<br><strong>COMMISSIONING:<\/strong> 2020<\/p>\n","protected":false},"excerpt":{"rendered":"<p>INVESTOR: City of Lys\u00e1 nad LabemCOMMISSIONING: 2020<\/p>\n","protected":false},"author":1,"featured_media":0,"parent":0,"menu_order":0,"comment_status":"closed","ping_status":"closed","template":"parts\/obsazenost-detail-page-en.php","meta":{"_acf_changed":false,"inline_featured_image":false,"footnotes":""},"class_list":["post-131","page","type-page","status-publish","hentry"],"acf":[],"yoast_head":"<!-- This site is optimized with the Yoast SEO plugin v27.4 - https:\/\/yoast.com\/product\/yoast-seo-wordpress\/ -->\n<title>Lys\u00e1 nad Labem II. - BIKETOWER - EN<\/title>\n<meta name=\"robots\" content=\"index, follow, max-snippet:-1, max-image-preview:large, max-video-preview:-1\" \/>\n<link rel=\"canonical\" href=\"https:\/\/www.biketower.cz\/en\/lysa-nad-labem-ii\/\" \/>\n<meta property=\"og:locale\" content=\"cs_CZ\" \/>\n<meta property=\"og:type\" content=\"article\" \/>\n<meta property=\"og:title\" content=\"Lys\u00e1 nad Labem II. - BIKETOWER - EN\" \/>\n<meta property=\"og:description\" content=\"INVESTOR: City of Lys\u00e1 nad LabemCOMMISSIONING: 2020\" \/>\n<meta property=\"og:url\" content=\"https:\/\/www.biketower.cz\/en\/lysa-nad-labem-ii\/\" \/>\n<meta property=\"og:site_name\" content=\"BIKETOWER - EN\" \/>\n<meta property=\"article:modified_time\" content=\"2024-11-08T11:57:44+00:00\" \/>\n<meta name=\"twitter:card\" content=\"summary_large_image\" \/>\n<meta name=\"twitter:label1\" content=\"Odhadovan\u00e1 doba \u010dten\u00ed\" \/>\n\t<meta name=\"twitter:data1\" content=\"1 minuta\" \/>\n<script type=\"application\/ld+json\" class=\"yoast-schema-graph\">{\"@context\":\"https:\\\/\\\/schema.org\",\"@graph\":[{\"@type\":\"WebPage\",\"@id\":\"https:\\\/\\\/www.biketower.cz\\\/en\\\/lysa-nad-labem-ii\\\/\",\"url\":\"https:\\\/\\\/www.biketower.cz\\\/en\\\/lysa-nad-labem-ii\\\/\",\"name\":\"Lys\u00e1 nad Labem II. - BIKETOWER - EN\",\"isPartOf\":{\"@id\":\"https:\\\/\\\/www.biketower.cz\\\/en\\\/#website\"},\"datePublished\":\"2020-12-22T13:36:43+00:00\",\"dateModified\":\"2024-11-08T11:57:44+00:00\",\"breadcrumb\":{\"@id\":\"https:\\\/\\\/www.biketower.cz\\\/en\\\/lysa-nad-labem-ii\\\/#breadcrumb\"},\"inLanguage\":\"cs\",\"potentialAction\":[{\"@type\":\"ReadAction\",\"target\":[\"https:\\\/\\\/www.biketower.cz\\\/en\\\/lysa-nad-labem-ii\\\/\"]}]},{\"@type\":\"BreadcrumbList\",\"@id\":\"https:\\\/\\\/www.biketower.cz\\\/en\\\/lysa-nad-labem-ii\\\/#breadcrumb\",\"itemListElement\":[{\"@type\":\"ListItem\",\"position\":1,\"name\":\"Dom\u016f\",\"item\":\"https:\\\/\\\/www.biketower.cz\\\/en\\\/\"},{\"@type\":\"ListItem\",\"position\":2,\"name\":\"Lys\u00e1 nad Labem II.\"}]},{\"@type\":\"WebSite\",\"@id\":\"https:\\\/\\\/www.biketower.cz\\\/en\\\/#website\",\"url\":\"https:\\\/\\\/www.biketower.cz\\\/en\\\/\",\"name\":\"BIKETOWER - EN\",\"description\":\"Dal\u0161\u00ed nov\u00fd web v r\u00e1mci s\u00edt\u011b BIKETOWER net\",\"potentialAction\":[{\"@type\":\"SearchAction\",\"target\":{\"@type\":\"EntryPoint\",\"urlTemplate\":\"https:\\\/\\\/www.biketower.cz\\\/en\\\/?s={search_term_string}\"},\"query-input\":{\"@type\":\"PropertyValueSpecification\",\"valueRequired\":true,\"valueName\":\"search_term_string\"}}],\"inLanguage\":\"cs\"}]}<\/script>\n<!-- \/ Yoast SEO plugin. -->","yoast_head_json":{"title":"Lys\u00e1 nad Labem II. - BIKETOWER - EN","robots":{"index":"index","follow":"follow","max-snippet":"max-snippet:-1","max-image-preview":"max-image-preview:large","max-video-preview":"max-video-preview:-1"},"canonical":"https:\/\/www.biketower.cz\/en\/lysa-nad-labem-ii\/","og_locale":"cs_CZ","og_type":"article","og_title":"Lys\u00e1 nad Labem II. - BIKETOWER - EN","og_description":"INVESTOR: City of Lys\u00e1 nad LabemCOMMISSIONING: 2020","og_url":"https:\/\/www.biketower.cz\/en\/lysa-nad-labem-ii\/","og_site_name":"BIKETOWER - EN","article_modified_time":"2024-11-08T11:57:44+00:00","twitter_card":"summary_large_image","twitter_misc":{"Odhadovan\u00e1 doba \u010dten\u00ed":"1 minuta"},"schema":{"@context":"https:\/\/schema.org","@graph":[{"@type":"WebPage","@id":"https:\/\/www.biketower.cz\/en\/lysa-nad-labem-ii\/","url":"https:\/\/www.biketower.cz\/en\/lysa-nad-labem-ii\/","name":"Lys\u00e1 nad Labem II. - BIKETOWER - EN","isPartOf":{"@id":"https:\/\/www.biketower.cz\/en\/#website"},"datePublished":"2020-12-22T13:36:43+00:00","dateModified":"2024-11-08T11:57:44+00:00","breadcrumb":{"@id":"https:\/\/www.biketower.cz\/en\/lysa-nad-labem-ii\/#breadcrumb"},"inLanguage":"cs","potentialAction":[{"@type":"ReadAction","target":["https:\/\/www.biketower.cz\/en\/lysa-nad-labem-ii\/"]}]},{"@type":"BreadcrumbList","@id":"https:\/\/www.biketower.cz\/en\/lysa-nad-labem-ii\/#breadcrumb","itemListElement":[{"@type":"ListItem","position":1,"name":"Dom\u016f","item":"https:\/\/www.biketower.cz\/en\/"},{"@type":"ListItem","position":2,"name":"Lys\u00e1 nad Labem II."}]},{"@type":"WebSite","@id":"https:\/\/www.biketower.cz\/en\/#website","url":"https:\/\/www.biketower.cz\/en\/","name":"BIKETOWER - EN","description":"Dal\u0161\u00ed nov\u00fd web v r\u00e1mci s\u00edt\u011b BIKETOWER net","potentialAction":[{"@type":"SearchAction","target":{"@type":"EntryPoint","urlTemplate":"https:\/\/www.biketower.cz\/en\/?s={search_term_string}"},"query-input":{"@type":"PropertyValueSpecification","valueRequired":true,"valueName":"search_term_string"}}],"inLanguage":"cs"}]}},"_links":{"self":[{"href":"https:\/\/www.biketower.cz\/en\/wp-json\/wp\/v2\/pages\/131","targetHints":{"allow":["GET"]}}],"collection":[{"href":"https:\/\/www.biketower.cz\/en\/wp-json\/wp\/v2\/pages"}],"about":[{"href":"https:\/\/www.biketower.cz\/en\/wp-json\/wp\/v2\/types\/page"}],"author":[{"embeddable":true,"href":"https:\/\/www.biketower.cz\/en\/wp-json\/wp\/v2\/users\/1"}],"replies":[{"embeddable":true,"href":"https:\/\/www.biketower.cz\/en\/wp-json\/wp\/v2\/comments?post=131"}],"version-history":[{"count":10,"href":"https:\/\/www.biketower.cz\/en\/wp-json\/wp\/v2\/pages\/131\/revisions"}],"predecessor-version":[{"id":989,"href":"https:\/\/www.biketower.cz\/en\/wp-json\/wp\/v2\/pages\/131\/revisions\/989"}],"wp:attachment":[{"href":"https:\/\/www.biketower.cz\/en\/wp-json\/wp\/v2\/media?parent=131"}],"curies":[{"name":"wp","href":"https:\/\/api.w.org\/{rel}","templated":true}]}}