{"id":192,"date":"2020-12-22T16:01:58","date_gmt":"2020-12-22T15:01:58","guid":{"rendered":"https:\/\/www.biketower.cz\/en\/?page_id=192"},"modified":"2024-09-02T09:54:38","modified_gmt":"2024-09-02T07:54:38","slug":"celakovice","status":"publish","type":"page","link":"https:\/\/www.biketower.cz\/en\/celakovice\/","title":{"rendered":"\u010cel\u00e1kovice"},"content":{"rendered":"\n<p><strong>INVESTOR:<\/strong>\u00a0S\u017dDC<br><strong>COMMISSIONING:<\/strong>\u00a02019<\/p>\n","protected":false},"excerpt":{"rendered":"<p>INVESTOR:\u00a0S\u017dDCCOMMISSIONING:\u00a02019<\/p>\n","protected":false},"author":1,"featured_media":0,"parent":0,"menu_order":0,"comment_status":"closed","ping_status":"closed","template":"parts\/obsazenost-detail-page-en.php","meta":{"_acf_changed":false,"inline_featured_image":false,"footnotes":""},"class_list":["post-192","page","type-page","status-publish","hentry"],"acf":[],"yoast_head":"<!-- This site is optimized with the Yoast SEO plugin v25.9 - https:\/\/yoast.com\/wordpress\/plugins\/seo\/ -->\n<title>\u010cel\u00e1kovice - BIKETOWER - EN<\/title>\n<meta name=\"robots\" content=\"index, follow, max-snippet:-1, max-image-preview:large, max-video-preview:-1\" \/>\n<link rel=\"canonical\" href=\"https:\/\/www.biketower.cz\/en\/celakovice\/\" \/>\n<meta property=\"og:locale\" content=\"cs_CZ\" \/>\n<meta property=\"og:type\" content=\"article\" \/>\n<meta property=\"og:title\" content=\"\u010cel\u00e1kovice - BIKETOWER - EN\" \/>\n<meta property=\"og:description\" content=\"INVESTOR:\u00a0S\u017dDCCOMMISSIONING:\u00a02019\" \/>\n<meta property=\"og:url\" content=\"https:\/\/www.biketower.cz\/en\/celakovice\/\" \/>\n<meta property=\"og:site_name\" content=\"BIKETOWER - EN\" \/>\n<meta property=\"article:modified_time\" content=\"2024-09-02T07:54:38+00:00\" \/>\n<meta name=\"twitter:card\" content=\"summary_large_image\" \/>\n<meta name=\"twitter:label1\" content=\"Odhadovan\u00e1 doba \u010dten\u00ed\" \/>\n\t<meta name=\"twitter:data1\" content=\"1 minuta\" \/>\n<script type=\"application\/ld+json\" class=\"yoast-schema-graph\">{\"@context\":\"https:\/\/schema.org\",\"@graph\":[{\"@type\":\"WebPage\",\"@id\":\"https:\/\/www.biketower.cz\/en\/celakovice\/\",\"url\":\"https:\/\/www.biketower.cz\/en\/celakovice\/\",\"name\":\"\u010cel\u00e1kovice - BIKETOWER - EN\",\"isPartOf\":{\"@id\":\"https:\/\/www.biketower.cz\/en\/#website\"},\"datePublished\":\"2020-12-22T15:01:58+00:00\",\"dateModified\":\"2024-09-02T07:54:38+00:00\",\"breadcrumb\":{\"@id\":\"https:\/\/www.biketower.cz\/en\/celakovice\/#breadcrumb\"},\"inLanguage\":\"cs\",\"potentialAction\":[{\"@type\":\"ReadAction\",\"target\":[\"https:\/\/www.biketower.cz\/en\/celakovice\/\"]}]},{\"@type\":\"BreadcrumbList\",\"@id\":\"https:\/\/www.biketower.cz\/en\/celakovice\/#breadcrumb\",\"itemListElement\":[{\"@type\":\"ListItem\",\"position\":1,\"name\":\"Dom\u016f\",\"item\":\"https:\/\/www.biketower.cz\/en\/\"},{\"@type\":\"ListItem\",\"position\":2,\"name\":\"\u010cel\u00e1kovice\"}]},{\"@type\":\"WebSite\",\"@id\":\"https:\/\/www.biketower.cz\/en\/#website\",\"url\":\"https:\/\/www.biketower.cz\/en\/\",\"name\":\"BIKETOWER - EN\",\"description\":\"Dal\u0161\u00ed nov\u00fd web v r\u00e1mci s\u00edt\u011b BIKETOWER net\",\"potentialAction\":[{\"@type\":\"SearchAction\",\"target\":{\"@type\":\"EntryPoint\",\"urlTemplate\":\"https:\/\/www.biketower.cz\/en\/?s={search_term_string}\"},\"query-input\":{\"@type\":\"PropertyValueSpecification\",\"valueRequired\":true,\"valueName\":\"search_term_string\"}}],\"inLanguage\":\"cs\"}]}<\/script>\n<!-- \/ Yoast SEO plugin. -->","yoast_head_json":{"title":"\u010cel\u00e1kovice - BIKETOWER - EN","robots":{"index":"index","follow":"follow","max-snippet":"max-snippet:-1","max-image-preview":"max-image-preview:large","max-video-preview":"max-video-preview:-1"},"canonical":"https:\/\/www.biketower.cz\/en\/celakovice\/","og_locale":"cs_CZ","og_type":"article","og_title":"\u010cel\u00e1kovice - BIKETOWER - EN","og_description":"INVESTOR:\u00a0S\u017dDCCOMMISSIONING:\u00a02019","og_url":"https:\/\/www.biketower.cz\/en\/celakovice\/","og_site_name":"BIKETOWER - EN","article_modified_time":"2024-09-02T07:54:38+00:00","twitter_card":"summary_large_image","twitter_misc":{"Odhadovan\u00e1 doba \u010dten\u00ed":"1 minuta"},"schema":{"@context":"https:\/\/schema.org","@graph":[{"@type":"WebPage","@id":"https:\/\/www.biketower.cz\/en\/celakovice\/","url":"https:\/\/www.biketower.cz\/en\/celakovice\/","name":"\u010cel\u00e1kovice - BIKETOWER - EN","isPartOf":{"@id":"https:\/\/www.biketower.cz\/en\/#website"},"datePublished":"2020-12-22T15:01:58+00:00","dateModified":"2024-09-02T07:54:38+00:00","breadcrumb":{"@id":"https:\/\/www.biketower.cz\/en\/celakovice\/#breadcrumb"},"inLanguage":"cs","potentialAction":[{"@type":"ReadAction","target":["https:\/\/www.biketower.cz\/en\/celakovice\/"]}]},{"@type":"BreadcrumbList","@id":"https:\/\/www.biketower.cz\/en\/celakovice\/#breadcrumb","itemListElement":[{"@type":"ListItem","position":1,"name":"Dom\u016f","item":"https:\/\/www.biketower.cz\/en\/"},{"@type":"ListItem","position":2,"name":"\u010cel\u00e1kovice"}]},{"@type":"WebSite","@id":"https:\/\/www.biketower.cz\/en\/#website","url":"https:\/\/www.biketower.cz\/en\/","name":"BIKETOWER - EN","description":"Dal\u0161\u00ed nov\u00fd web v r\u00e1mci s\u00edt\u011b BIKETOWER net","potentialAction":[{"@type":"SearchAction","target":{"@type":"EntryPoint","urlTemplate":"https:\/\/www.biketower.cz\/en\/?s={search_term_string}"},"query-input":{"@type":"PropertyValueSpecification","valueRequired":true,"valueName":"search_term_string"}}],"inLanguage":"cs"}]}},"_links":{"self":[{"href":"https:\/\/www.biketower.cz\/en\/wp-json\/wp\/v2\/pages\/192","targetHints":{"allow":["GET"]}}],"collection":[{"href":"https:\/\/www.biketower.cz\/en\/wp-json\/wp\/v2\/pages"}],"about":[{"href":"https:\/\/www.biketower.cz\/en\/wp-json\/wp\/v2\/types\/page"}],"author":[{"embeddable":true,"href":"https:\/\/www.biketower.cz\/en\/wp-json\/wp\/v2\/users\/1"}],"replies":[{"embeddable":true,"href":"https:\/\/www.biketower.cz\/en\/wp-json\/wp\/v2\/comments?post=192"}],"version-history":[{"count":6,"href":"https:\/\/www.biketower.cz\/en\/wp-json\/wp\/v2\/pages\/192\/revisions"}],"predecessor-version":[{"id":981,"href":"https:\/\/www.biketower.cz\/en\/wp-json\/wp\/v2\/pages\/192\/revisions\/981"}],"wp:attachment":[{"href":"https:\/\/www.biketower.cz\/en\/wp-json\/wp\/v2\/media?parent=192"}],"curies":[{"name":"wp","href":"https:\/\/api.w.org\/{rel}","templated":true}]}}