{"id":75,"date":"2020-12-22T13:46:19","date_gmt":"2020-12-22T12:46:19","guid":{"rendered":"https:\/\/www.biketower.cz\/en\/?page_id=75"},"modified":"2024-08-21T09:28:31","modified_gmt":"2024-08-21T07:28:31","slug":"trinec","status":"publish","type":"page","link":"https:\/\/www.biketower.cz\/en\/trinec\/","title":{"rendered":"T\u0159inec"},"content":{"rendered":"\n<p><strong>INVESTOR:<\/strong>&nbsp;M\u011bsto T\u0159inec<br><strong>COMMISSIONING:<\/strong>&nbsp;2017<\/p>\n","protected":false},"excerpt":{"rendered":"<p>INVESTOR:&nbsp;M\u011bsto T\u0159inecCOMMISSIONING:&nbsp;2017<\/p>\n","protected":false},"author":1,"featured_media":0,"parent":0,"menu_order":0,"comment_status":"closed","ping_status":"closed","template":"parts\/obsazenost-detail-page-en.php","meta":{"_acf_changed":false,"inline_featured_image":false,"footnotes":""},"class_list":["post-75","page","type-page","status-publish","hentry"],"acf":[],"yoast_head":"<!-- This site is optimized with the Yoast SEO plugin v27.4 - https:\/\/yoast.com\/product\/yoast-seo-wordpress\/ -->\n<title>T\u0159inec - BIKETOWER - EN<\/title>\n<meta name=\"robots\" content=\"index, follow, max-snippet:-1, max-image-preview:large, max-video-preview:-1\" \/>\n<link rel=\"canonical\" href=\"https:\/\/www.biketower.cz\/en\/trinec\/\" \/>\n<meta property=\"og:locale\" content=\"cs_CZ\" \/>\n<meta property=\"og:type\" content=\"article\" \/>\n<meta property=\"og:title\" content=\"T\u0159inec - BIKETOWER - EN\" \/>\n<meta property=\"og:description\" content=\"INVESTOR:&nbsp;M\u011bsto T\u0159inecCOMMISSIONING:&nbsp;2017\" \/>\n<meta property=\"og:url\" content=\"https:\/\/www.biketower.cz\/en\/trinec\/\" \/>\n<meta property=\"og:site_name\" content=\"BIKETOWER - EN\" \/>\n<meta property=\"article:modified_time\" content=\"2024-08-21T07:28:31+00:00\" \/>\n<meta name=\"twitter:card\" content=\"summary_large_image\" \/>\n<meta name=\"twitter:label1\" content=\"Odhadovan\u00e1 doba \u010dten\u00ed\" \/>\n\t<meta name=\"twitter:data1\" content=\"1 minuta\" \/>\n<script type=\"application\/ld+json\" class=\"yoast-schema-graph\">{\"@context\":\"https:\\\/\\\/schema.org\",\"@graph\":[{\"@type\":\"WebPage\",\"@id\":\"https:\\\/\\\/www.biketower.cz\\\/en\\\/trinec\\\/\",\"url\":\"https:\\\/\\\/www.biketower.cz\\\/en\\\/trinec\\\/\",\"name\":\"T\u0159inec - BIKETOWER - EN\",\"isPartOf\":{\"@id\":\"https:\\\/\\\/www.biketower.cz\\\/en\\\/#website\"},\"datePublished\":\"2020-12-22T12:46:19+00:00\",\"dateModified\":\"2024-08-21T07:28:31+00:00\",\"breadcrumb\":{\"@id\":\"https:\\\/\\\/www.biketower.cz\\\/en\\\/trinec\\\/#breadcrumb\"},\"inLanguage\":\"cs\",\"potentialAction\":[{\"@type\":\"ReadAction\",\"target\":[\"https:\\\/\\\/www.biketower.cz\\\/en\\\/trinec\\\/\"]}]},{\"@type\":\"BreadcrumbList\",\"@id\":\"https:\\\/\\\/www.biketower.cz\\\/en\\\/trinec\\\/#breadcrumb\",\"itemListElement\":[{\"@type\":\"ListItem\",\"position\":1,\"name\":\"Dom\u016f\",\"item\":\"https:\\\/\\\/www.biketower.cz\\\/en\\\/\"},{\"@type\":\"ListItem\",\"position\":2,\"name\":\"T\u0159inec\"}]},{\"@type\":\"WebSite\",\"@id\":\"https:\\\/\\\/www.biketower.cz\\\/en\\\/#website\",\"url\":\"https:\\\/\\\/www.biketower.cz\\\/en\\\/\",\"name\":\"BIKETOWER - EN\",\"description\":\"Dal\u0161\u00ed nov\u00fd web v r\u00e1mci s\u00edt\u011b BIKETOWER net\",\"potentialAction\":[{\"@type\":\"SearchAction\",\"target\":{\"@type\":\"EntryPoint\",\"urlTemplate\":\"https:\\\/\\\/www.biketower.cz\\\/en\\\/?s={search_term_string}\"},\"query-input\":{\"@type\":\"PropertyValueSpecification\",\"valueRequired\":true,\"valueName\":\"search_term_string\"}}],\"inLanguage\":\"cs\"}]}<\/script>\n<!-- \/ Yoast SEO plugin. -->","yoast_head_json":{"title":"T\u0159inec - BIKETOWER - EN","robots":{"index":"index","follow":"follow","max-snippet":"max-snippet:-1","max-image-preview":"max-image-preview:large","max-video-preview":"max-video-preview:-1"},"canonical":"https:\/\/www.biketower.cz\/en\/trinec\/","og_locale":"cs_CZ","og_type":"article","og_title":"T\u0159inec - BIKETOWER - EN","og_description":"INVESTOR:&nbsp;M\u011bsto T\u0159inecCOMMISSIONING:&nbsp;2017","og_url":"https:\/\/www.biketower.cz\/en\/trinec\/","og_site_name":"BIKETOWER - EN","article_modified_time":"2024-08-21T07:28:31+00:00","twitter_card":"summary_large_image","twitter_misc":{"Odhadovan\u00e1 doba \u010dten\u00ed":"1 minuta"},"schema":{"@context":"https:\/\/schema.org","@graph":[{"@type":"WebPage","@id":"https:\/\/www.biketower.cz\/en\/trinec\/","url":"https:\/\/www.biketower.cz\/en\/trinec\/","name":"T\u0159inec - BIKETOWER - EN","isPartOf":{"@id":"https:\/\/www.biketower.cz\/en\/#website"},"datePublished":"2020-12-22T12:46:19+00:00","dateModified":"2024-08-21T07:28:31+00:00","breadcrumb":{"@id":"https:\/\/www.biketower.cz\/en\/trinec\/#breadcrumb"},"inLanguage":"cs","potentialAction":[{"@type":"ReadAction","target":["https:\/\/www.biketower.cz\/en\/trinec\/"]}]},{"@type":"BreadcrumbList","@id":"https:\/\/www.biketower.cz\/en\/trinec\/#breadcrumb","itemListElement":[{"@type":"ListItem","position":1,"name":"Dom\u016f","item":"https:\/\/www.biketower.cz\/en\/"},{"@type":"ListItem","position":2,"name":"T\u0159inec"}]},{"@type":"WebSite","@id":"https:\/\/www.biketower.cz\/en\/#website","url":"https:\/\/www.biketower.cz\/en\/","name":"BIKETOWER - EN","description":"Dal\u0161\u00ed nov\u00fd web v r\u00e1mci s\u00edt\u011b BIKETOWER net","potentialAction":[{"@type":"SearchAction","target":{"@type":"EntryPoint","urlTemplate":"https:\/\/www.biketower.cz\/en\/?s={search_term_string}"},"query-input":{"@type":"PropertyValueSpecification","valueRequired":true,"valueName":"search_term_string"}}],"inLanguage":"cs"}]}},"_links":{"self":[{"href":"https:\/\/www.biketower.cz\/en\/wp-json\/wp\/v2\/pages\/75","targetHints":{"allow":["GET"]}}],"collection":[{"href":"https:\/\/www.biketower.cz\/en\/wp-json\/wp\/v2\/pages"}],"about":[{"href":"https:\/\/www.biketower.cz\/en\/wp-json\/wp\/v2\/types\/page"}],"author":[{"embeddable":true,"href":"https:\/\/www.biketower.cz\/en\/wp-json\/wp\/v2\/users\/1"}],"replies":[{"embeddable":true,"href":"https:\/\/www.biketower.cz\/en\/wp-json\/wp\/v2\/comments?post=75"}],"version-history":[{"count":8,"href":"https:\/\/www.biketower.cz\/en\/wp-json\/wp\/v2\/pages\/75\/revisions"}],"predecessor-version":[{"id":937,"href":"https:\/\/www.biketower.cz\/en\/wp-json\/wp\/v2\/pages\/75\/revisions\/937"}],"wp:attachment":[{"href":"https:\/\/www.biketower.cz\/en\/wp-json\/wp\/v2\/media?parent=75"}],"curies":[{"name":"wp","href":"https:\/\/api.w.org\/{rel}","templated":true}]}}