{"id":292,"date":"2021-08-17T14:30:41","date_gmt":"2021-08-17T12:30:41","guid":{"rendered":"https:\/\/www.biketower.cz\/en\/?page_id=292"},"modified":"2024-10-31T16:44:45","modified_gmt":"2024-10-31T15:44:45","slug":"hranice","status":"publish","type":"page","link":"https:\/\/www.biketower.cz\/it\/hranice\/","title":{"rendered":"Hranice"},"content":{"rendered":"\n<p><strong>INVESTITORE:<\/strong> Citt\u00e0 di Hranice<br><strong>MESSO IN FUNZIONE:<\/strong> 2021<\/p>\n\n\n\n<p><\/p>\n","protected":false},"excerpt":{"rendered":"<p>INVESTITORE: Citt\u00e0 di HraniceMESSO IN FUNZIONE: 2021<\/p>\n","protected":false},"author":1,"featured_media":0,"parent":0,"menu_order":0,"comment_status":"closed","ping_status":"closed","template":"parts\/obsazenost-detail-page-it.php","meta":{"_acf_changed":false,"inline_featured_image":false,"footnotes":""},"class_list":["post-292","page","type-page","status-publish","hentry"],"acf":[],"yoast_head":"<!-- This site is optimized with the Yoast SEO plugin v27.4 - https:\/\/yoast.com\/product\/yoast-seo-wordpress\/ -->\n<title>Hranice - BIKETOWER - IT<\/title>\n<meta name=\"robots\" content=\"index, follow, max-snippet:-1, max-image-preview:large, max-video-preview:-1\" \/>\n<link rel=\"canonical\" href=\"https:\/\/www.biketower.cz\/it\/hranice\/\" \/>\n<meta property=\"og:locale\" content=\"cs_CZ\" \/>\n<meta property=\"og:type\" content=\"article\" \/>\n<meta property=\"og:title\" content=\"Hranice - BIKETOWER - IT\" \/>\n<meta property=\"og:description\" content=\"INVESTITORE: Citt\u00e0 di HraniceMESSO IN FUNZIONE: 2021\" \/>\n<meta property=\"og:url\" content=\"https:\/\/www.biketower.cz\/it\/hranice\/\" \/>\n<meta property=\"og:site_name\" content=\"BIKETOWER - IT\" \/>\n<meta property=\"article:modified_time\" content=\"2024-10-31T15:44:45+00:00\" \/>\n<meta name=\"twitter:card\" content=\"summary_large_image\" \/>\n<meta name=\"twitter:label1\" content=\"Odhadovan\u00e1 doba \u010dten\u00ed\" \/>\n\t<meta name=\"twitter:data1\" content=\"1 minuta\" \/>\n<script type=\"application\/ld+json\" class=\"yoast-schema-graph\">{\"@context\":\"https:\\\/\\\/schema.org\",\"@graph\":[{\"@type\":\"WebPage\",\"@id\":\"https:\\\/\\\/www.biketower.cz\\\/it\\\/hranice\\\/\",\"url\":\"https:\\\/\\\/www.biketower.cz\\\/it\\\/hranice\\\/\",\"name\":\"Hranice - BIKETOWER - IT\",\"isPartOf\":{\"@id\":\"https:\\\/\\\/www.biketower.cz\\\/it\\\/#website\"},\"datePublished\":\"2021-08-17T12:30:41+00:00\",\"dateModified\":\"2024-10-31T15:44:45+00:00\",\"breadcrumb\":{\"@id\":\"https:\\\/\\\/www.biketower.cz\\\/it\\\/hranice\\\/#breadcrumb\"},\"inLanguage\":\"cs\",\"potentialAction\":[{\"@type\":\"ReadAction\",\"target\":[\"https:\\\/\\\/www.biketower.cz\\\/it\\\/hranice\\\/\"]}]},{\"@type\":\"BreadcrumbList\",\"@id\":\"https:\\\/\\\/www.biketower.cz\\\/it\\\/hranice\\\/#breadcrumb\",\"itemListElement\":[{\"@type\":\"ListItem\",\"position\":1,\"name\":\"Dom\u016f\",\"item\":\"https:\\\/\\\/www.biketower.cz\\\/it\\\/\"},{\"@type\":\"ListItem\",\"position\":2,\"name\":\"Hranice\"}]},{\"@type\":\"WebSite\",\"@id\":\"https:\\\/\\\/www.biketower.cz\\\/it\\\/#website\",\"url\":\"https:\\\/\\\/www.biketower.cz\\\/it\\\/\",\"name\":\"BIKETOWER - IT\",\"description\":\"\",\"potentialAction\":[{\"@type\":\"SearchAction\",\"target\":{\"@type\":\"EntryPoint\",\"urlTemplate\":\"https:\\\/\\\/www.biketower.cz\\\/it\\\/?s={search_term_string}\"},\"query-input\":{\"@type\":\"PropertyValueSpecification\",\"valueRequired\":true,\"valueName\":\"search_term_string\"}}],\"inLanguage\":\"cs\"}]}<\/script>\n<!-- \/ Yoast SEO plugin. -->","yoast_head_json":{"title":"Hranice - BIKETOWER - IT","robots":{"index":"index","follow":"follow","max-snippet":"max-snippet:-1","max-image-preview":"max-image-preview:large","max-video-preview":"max-video-preview:-1"},"canonical":"https:\/\/www.biketower.cz\/it\/hranice\/","og_locale":"cs_CZ","og_type":"article","og_title":"Hranice - BIKETOWER - IT","og_description":"INVESTITORE: Citt\u00e0 di HraniceMESSO IN FUNZIONE: 2021","og_url":"https:\/\/www.biketower.cz\/it\/hranice\/","og_site_name":"BIKETOWER - IT","article_modified_time":"2024-10-31T15:44:45+00:00","twitter_card":"summary_large_image","twitter_misc":{"Odhadovan\u00e1 doba \u010dten\u00ed":"1 minuta"},"schema":{"@context":"https:\/\/schema.org","@graph":[{"@type":"WebPage","@id":"https:\/\/www.biketower.cz\/it\/hranice\/","url":"https:\/\/www.biketower.cz\/it\/hranice\/","name":"Hranice - BIKETOWER - IT","isPartOf":{"@id":"https:\/\/www.biketower.cz\/it\/#website"},"datePublished":"2021-08-17T12:30:41+00:00","dateModified":"2024-10-31T15:44:45+00:00","breadcrumb":{"@id":"https:\/\/www.biketower.cz\/it\/hranice\/#breadcrumb"},"inLanguage":"cs","potentialAction":[{"@type":"ReadAction","target":["https:\/\/www.biketower.cz\/it\/hranice\/"]}]},{"@type":"BreadcrumbList","@id":"https:\/\/www.biketower.cz\/it\/hranice\/#breadcrumb","itemListElement":[{"@type":"ListItem","position":1,"name":"Dom\u016f","item":"https:\/\/www.biketower.cz\/it\/"},{"@type":"ListItem","position":2,"name":"Hranice"}]},{"@type":"WebSite","@id":"https:\/\/www.biketower.cz\/it\/#website","url":"https:\/\/www.biketower.cz\/it\/","name":"BIKETOWER - IT","description":"","potentialAction":[{"@type":"SearchAction","target":{"@type":"EntryPoint","urlTemplate":"https:\/\/www.biketower.cz\/it\/?s={search_term_string}"},"query-input":{"@type":"PropertyValueSpecification","valueRequired":true,"valueName":"search_term_string"}}],"inLanguage":"cs"}]}},"_links":{"self":[{"href":"https:\/\/www.biketower.cz\/it\/wp-json\/wp\/v2\/pages\/292","targetHints":{"allow":["GET"]}}],"collection":[{"href":"https:\/\/www.biketower.cz\/it\/wp-json\/wp\/v2\/pages"}],"about":[{"href":"https:\/\/www.biketower.cz\/it\/wp-json\/wp\/v2\/types\/page"}],"author":[{"embeddable":true,"href":"https:\/\/www.biketower.cz\/it\/wp-json\/wp\/v2\/users\/1"}],"replies":[{"embeddable":true,"href":"https:\/\/www.biketower.cz\/it\/wp-json\/wp\/v2\/comments?post=292"}],"version-history":[{"count":2,"href":"https:\/\/www.biketower.cz\/it\/wp-json\/wp\/v2\/pages\/292\/revisions"}],"predecessor-version":[{"id":863,"href":"https:\/\/www.biketower.cz\/it\/wp-json\/wp\/v2\/pages\/292\/revisions\/863"}],"wp:attachment":[{"href":"https:\/\/www.biketower.cz\/it\/wp-json\/wp\/v2\/media?parent=292"}],"curies":[{"name":"wp","href":"https:\/\/api.w.org\/{rel}","templated":true}]}}