{"id":66,"date":"2020-12-22T12:42:25","date_gmt":"2020-12-22T11:42:25","guid":{"rendered":"https:\/\/www.biketower.cz\/en\/?page_id=66"},"modified":"2024-10-31T16:50:52","modified_gmt":"2024-10-31T15:50:52","slug":"trnava-sk","status":"publish","type":"page","link":"https:\/\/www.biketower.cz\/it\/trnava-sk\/","title":{"rendered":"Trnava SK"},"content":{"rendered":"\n<p><strong>INVESTITORE:<\/strong>\u00a0Citt\u00e0 di Trnava<br><strong>MESSO IN FUNZIONE:<\/strong>\u00a02019<\/p>\n\n\n\n<p><\/p>\n","protected":false},"excerpt":{"rendered":"<p>INVESTITORE:\u00a0Citt\u00e0 di TrnavaMESSO IN FUNZIONE:\u00a02019<\/p>\n","protected":false},"author":1,"featured_media":0,"parent":0,"menu_order":0,"comment_status":"closed","ping_status":"closed","template":"parts\/obsazenost-detail-page-it.php","meta":{"_acf_changed":false,"inline_featured_image":false,"footnotes":""},"class_list":["post-66","page","type-page","status-publish","hentry"],"acf":[],"yoast_head":"<!-- This site is optimized with the Yoast SEO plugin v25.9 - https:\/\/yoast.com\/wordpress\/plugins\/seo\/ -->\n<title>Trnava SK - BIKETOWER - IT<\/title>\n<meta name=\"robots\" content=\"index, follow, max-snippet:-1, max-image-preview:large, max-video-preview:-1\" \/>\n<link rel=\"canonical\" href=\"https:\/\/www.biketower.cz\/it\/trnava-sk\/\" \/>\n<meta property=\"og:locale\" content=\"cs_CZ\" \/>\n<meta property=\"og:type\" content=\"article\" \/>\n<meta property=\"og:title\" content=\"Trnava SK - BIKETOWER - IT\" \/>\n<meta property=\"og:description\" content=\"INVESTITORE:\u00a0Citt\u00e0 di TrnavaMESSO IN FUNZIONE:\u00a02019\" \/>\n<meta property=\"og:url\" content=\"https:\/\/www.biketower.cz\/it\/trnava-sk\/\" \/>\n<meta property=\"og:site_name\" content=\"BIKETOWER - IT\" \/>\n<meta property=\"article:modified_time\" content=\"2024-10-31T15:50:52+00:00\" \/>\n<meta name=\"twitter:card\" content=\"summary_large_image\" \/>\n<meta name=\"twitter:label1\" content=\"Odhadovan\u00e1 doba \u010dten\u00ed\" \/>\n\t<meta name=\"twitter:data1\" content=\"1 minuta\" \/>\n<script type=\"application\/ld+json\" class=\"yoast-schema-graph\">{\"@context\":\"https:\/\/schema.org\",\"@graph\":[{\"@type\":\"WebPage\",\"@id\":\"https:\/\/www.biketower.cz\/it\/trnava-sk\/\",\"url\":\"https:\/\/www.biketower.cz\/it\/trnava-sk\/\",\"name\":\"Trnava SK - BIKETOWER - IT\",\"isPartOf\":{\"@id\":\"https:\/\/www.biketower.cz\/it\/#website\"},\"datePublished\":\"2020-12-22T11:42:25+00:00\",\"dateModified\":\"2024-10-31T15:50:52+00:00\",\"breadcrumb\":{\"@id\":\"https:\/\/www.biketower.cz\/it\/trnava-sk\/#breadcrumb\"},\"inLanguage\":\"cs\",\"potentialAction\":[{\"@type\":\"ReadAction\",\"target\":[\"https:\/\/www.biketower.cz\/it\/trnava-sk\/\"]}]},{\"@type\":\"BreadcrumbList\",\"@id\":\"https:\/\/www.biketower.cz\/it\/trnava-sk\/#breadcrumb\",\"itemListElement\":[{\"@type\":\"ListItem\",\"position\":1,\"name\":\"Dom\u016f\",\"item\":\"https:\/\/www.biketower.cz\/it\/\"},{\"@type\":\"ListItem\",\"position\":2,\"name\":\"Trnava SK\"}]},{\"@type\":\"WebSite\",\"@id\":\"https:\/\/www.biketower.cz\/it\/#website\",\"url\":\"https:\/\/www.biketower.cz\/it\/\",\"name\":\"BIKETOWER - IT\",\"description\":\"\",\"potentialAction\":[{\"@type\":\"SearchAction\",\"target\":{\"@type\":\"EntryPoint\",\"urlTemplate\":\"https:\/\/www.biketower.cz\/it\/?s={search_term_string}\"},\"query-input\":{\"@type\":\"PropertyValueSpecification\",\"valueRequired\":true,\"valueName\":\"search_term_string\"}}],\"inLanguage\":\"cs\"}]}<\/script>\n<!-- \/ Yoast SEO plugin. -->","yoast_head_json":{"title":"Trnava SK - BIKETOWER - IT","robots":{"index":"index","follow":"follow","max-snippet":"max-snippet:-1","max-image-preview":"max-image-preview:large","max-video-preview":"max-video-preview:-1"},"canonical":"https:\/\/www.biketower.cz\/it\/trnava-sk\/","og_locale":"cs_CZ","og_type":"article","og_title":"Trnava SK - BIKETOWER - IT","og_description":"INVESTITORE:\u00a0Citt\u00e0 di TrnavaMESSO IN FUNZIONE:\u00a02019","og_url":"https:\/\/www.biketower.cz\/it\/trnava-sk\/","og_site_name":"BIKETOWER - IT","article_modified_time":"2024-10-31T15:50:52+00:00","twitter_card":"summary_large_image","twitter_misc":{"Odhadovan\u00e1 doba \u010dten\u00ed":"1 minuta"},"schema":{"@context":"https:\/\/schema.org","@graph":[{"@type":"WebPage","@id":"https:\/\/www.biketower.cz\/it\/trnava-sk\/","url":"https:\/\/www.biketower.cz\/it\/trnava-sk\/","name":"Trnava SK - BIKETOWER - IT","isPartOf":{"@id":"https:\/\/www.biketower.cz\/it\/#website"},"datePublished":"2020-12-22T11:42:25+00:00","dateModified":"2024-10-31T15:50:52+00:00","breadcrumb":{"@id":"https:\/\/www.biketower.cz\/it\/trnava-sk\/#breadcrumb"},"inLanguage":"cs","potentialAction":[{"@type":"ReadAction","target":["https:\/\/www.biketower.cz\/it\/trnava-sk\/"]}]},{"@type":"BreadcrumbList","@id":"https:\/\/www.biketower.cz\/it\/trnava-sk\/#breadcrumb","itemListElement":[{"@type":"ListItem","position":1,"name":"Dom\u016f","item":"https:\/\/www.biketower.cz\/it\/"},{"@type":"ListItem","position":2,"name":"Trnava SK"}]},{"@type":"WebSite","@id":"https:\/\/www.biketower.cz\/it\/#website","url":"https:\/\/www.biketower.cz\/it\/","name":"BIKETOWER - IT","description":"","potentialAction":[{"@type":"SearchAction","target":{"@type":"EntryPoint","urlTemplate":"https:\/\/www.biketower.cz\/it\/?s={search_term_string}"},"query-input":{"@type":"PropertyValueSpecification","valueRequired":true,"valueName":"search_term_string"}}],"inLanguage":"cs"}]}},"_links":{"self":[{"href":"https:\/\/www.biketower.cz\/it\/wp-json\/wp\/v2\/pages\/66","targetHints":{"allow":["GET"]}}],"collection":[{"href":"https:\/\/www.biketower.cz\/it\/wp-json\/wp\/v2\/pages"}],"about":[{"href":"https:\/\/www.biketower.cz\/it\/wp-json\/wp\/v2\/types\/page"}],"author":[{"embeddable":true,"href":"https:\/\/www.biketower.cz\/it\/wp-json\/wp\/v2\/users\/1"}],"replies":[{"embeddable":true,"href":"https:\/\/www.biketower.cz\/it\/wp-json\/wp\/v2\/comments?post=66"}],"version-history":[{"count":1,"href":"https:\/\/www.biketower.cz\/it\/wp-json\/wp\/v2\/pages\/66\/revisions"}],"predecessor-version":[{"id":878,"href":"https:\/\/www.biketower.cz\/it\/wp-json\/wp\/v2\/pages\/66\/revisions\/878"}],"wp:attachment":[{"href":"https:\/\/www.biketower.cz\/it\/wp-json\/wp\/v2\/media?parent=66"}],"curies":[{"name":"wp","href":"https:\/\/api.w.org\/{rel}","templated":true}]}}