{"id":85,"date":"2020-12-22T13:55:11","date_gmt":"2020-12-22T12:55:11","guid":{"rendered":"https:\/\/www.biketower.cz\/en\/?page_id=85"},"modified":"2024-10-31T16:50:20","modified_gmt":"2024-10-31T15:50:20","slug":"sumperk","status":"publish","type":"page","link":"https:\/\/www.biketower.cz\/it\/sumperk\/","title":{"rendered":"\u0160umperk"},"content":{"rendered":"\n<p><strong>INVESTITORE: <\/strong>Citt\u00e0 di \u0160umperk<br><strong>MESSO IN FUNZIONE:<\/strong>\u00a02020<\/p>\n\n\n\n<p><\/p>\n","protected":false},"excerpt":{"rendered":"<p>INVESTITORE: Citt\u00e0 di \u0160umperkMESSO IN FUNZIONE:\u00a02020<\/p>\n","protected":false},"author":1,"featured_media":0,"parent":0,"menu_order":0,"comment_status":"closed","ping_status":"closed","template":"parts\/obsazenost-detail-page-it.php","meta":{"_acf_changed":false,"inline_featured_image":false,"footnotes":""},"class_list":["post-85","page","type-page","status-publish","hentry"],"acf":[],"yoast_head":"<!-- This site is optimized with the Yoast SEO plugin v27.4 - https:\/\/yoast.com\/product\/yoast-seo-wordpress\/ -->\n<title>\u0160umperk - BIKETOWER - IT<\/title>\n<meta name=\"robots\" content=\"index, follow, max-snippet:-1, max-image-preview:large, max-video-preview:-1\" \/>\n<link rel=\"canonical\" href=\"https:\/\/www.biketower.cz\/it\/sumperk\/\" \/>\n<meta property=\"og:locale\" content=\"cs_CZ\" \/>\n<meta property=\"og:type\" content=\"article\" \/>\n<meta property=\"og:title\" content=\"\u0160umperk - BIKETOWER - IT\" \/>\n<meta property=\"og:description\" content=\"INVESTITORE: Citt\u00e0 di \u0160umperkMESSO IN FUNZIONE:\u00a02020\" \/>\n<meta property=\"og:url\" content=\"https:\/\/www.biketower.cz\/it\/sumperk\/\" \/>\n<meta property=\"og:site_name\" content=\"BIKETOWER - IT\" \/>\n<meta property=\"article:modified_time\" content=\"2024-10-31T15:50:20+00:00\" \/>\n<meta name=\"twitter:card\" content=\"summary_large_image\" \/>\n<meta name=\"twitter:label1\" content=\"Odhadovan\u00e1 doba \u010dten\u00ed\" \/>\n\t<meta name=\"twitter:data1\" content=\"1 minuta\" \/>\n<script type=\"application\/ld+json\" class=\"yoast-schema-graph\">{\"@context\":\"https:\\\/\\\/schema.org\",\"@graph\":[{\"@type\":\"WebPage\",\"@id\":\"https:\\\/\\\/www.biketower.cz\\\/it\\\/sumperk\\\/\",\"url\":\"https:\\\/\\\/www.biketower.cz\\\/it\\\/sumperk\\\/\",\"name\":\"\u0160umperk - BIKETOWER - IT\",\"isPartOf\":{\"@id\":\"https:\\\/\\\/www.biketower.cz\\\/it\\\/#website\"},\"datePublished\":\"2020-12-22T12:55:11+00:00\",\"dateModified\":\"2024-10-31T15:50:20+00:00\",\"breadcrumb\":{\"@id\":\"https:\\\/\\\/www.biketower.cz\\\/it\\\/sumperk\\\/#breadcrumb\"},\"inLanguage\":\"cs\",\"potentialAction\":[{\"@type\":\"ReadAction\",\"target\":[\"https:\\\/\\\/www.biketower.cz\\\/it\\\/sumperk\\\/\"]}]},{\"@type\":\"BreadcrumbList\",\"@id\":\"https:\\\/\\\/www.biketower.cz\\\/it\\\/sumperk\\\/#breadcrumb\",\"itemListElement\":[{\"@type\":\"ListItem\",\"position\":1,\"name\":\"Dom\u016f\",\"item\":\"https:\\\/\\\/www.biketower.cz\\\/it\\\/\"},{\"@type\":\"ListItem\",\"position\":2,\"name\":\"\u0160umperk\"}]},{\"@type\":\"WebSite\",\"@id\":\"https:\\\/\\\/www.biketower.cz\\\/it\\\/#website\",\"url\":\"https:\\\/\\\/www.biketower.cz\\\/it\\\/\",\"name\":\"BIKETOWER - IT\",\"description\":\"\",\"potentialAction\":[{\"@type\":\"SearchAction\",\"target\":{\"@type\":\"EntryPoint\",\"urlTemplate\":\"https:\\\/\\\/www.biketower.cz\\\/it\\\/?s={search_term_string}\"},\"query-input\":{\"@type\":\"PropertyValueSpecification\",\"valueRequired\":true,\"valueName\":\"search_term_string\"}}],\"inLanguage\":\"cs\"}]}<\/script>\n<!-- \/ Yoast SEO plugin. -->","yoast_head_json":{"title":"\u0160umperk - BIKETOWER - IT","robots":{"index":"index","follow":"follow","max-snippet":"max-snippet:-1","max-image-preview":"max-image-preview:large","max-video-preview":"max-video-preview:-1"},"canonical":"https:\/\/www.biketower.cz\/it\/sumperk\/","og_locale":"cs_CZ","og_type":"article","og_title":"\u0160umperk - BIKETOWER - IT","og_description":"INVESTITORE: Citt\u00e0 di \u0160umperkMESSO IN FUNZIONE:\u00a02020","og_url":"https:\/\/www.biketower.cz\/it\/sumperk\/","og_site_name":"BIKETOWER - IT","article_modified_time":"2024-10-31T15:50:20+00:00","twitter_card":"summary_large_image","twitter_misc":{"Odhadovan\u00e1 doba \u010dten\u00ed":"1 minuta"},"schema":{"@context":"https:\/\/schema.org","@graph":[{"@type":"WebPage","@id":"https:\/\/www.biketower.cz\/it\/sumperk\/","url":"https:\/\/www.biketower.cz\/it\/sumperk\/","name":"\u0160umperk - BIKETOWER - IT","isPartOf":{"@id":"https:\/\/www.biketower.cz\/it\/#website"},"datePublished":"2020-12-22T12:55:11+00:00","dateModified":"2024-10-31T15:50:20+00:00","breadcrumb":{"@id":"https:\/\/www.biketower.cz\/it\/sumperk\/#breadcrumb"},"inLanguage":"cs","potentialAction":[{"@type":"ReadAction","target":["https:\/\/www.biketower.cz\/it\/sumperk\/"]}]},{"@type":"BreadcrumbList","@id":"https:\/\/www.biketower.cz\/it\/sumperk\/#breadcrumb","itemListElement":[{"@type":"ListItem","position":1,"name":"Dom\u016f","item":"https:\/\/www.biketower.cz\/it\/"},{"@type":"ListItem","position":2,"name":"\u0160umperk"}]},{"@type":"WebSite","@id":"https:\/\/www.biketower.cz\/it\/#website","url":"https:\/\/www.biketower.cz\/it\/","name":"BIKETOWER - IT","description":"","potentialAction":[{"@type":"SearchAction","target":{"@type":"EntryPoint","urlTemplate":"https:\/\/www.biketower.cz\/it\/?s={search_term_string}"},"query-input":{"@type":"PropertyValueSpecification","valueRequired":true,"valueName":"search_term_string"}}],"inLanguage":"cs"}]}},"_links":{"self":[{"href":"https:\/\/www.biketower.cz\/it\/wp-json\/wp\/v2\/pages\/85","targetHints":{"allow":["GET"]}}],"collection":[{"href":"https:\/\/www.biketower.cz\/it\/wp-json\/wp\/v2\/pages"}],"about":[{"href":"https:\/\/www.biketower.cz\/it\/wp-json\/wp\/v2\/types\/page"}],"author":[{"embeddable":true,"href":"https:\/\/www.biketower.cz\/it\/wp-json\/wp\/v2\/users\/1"}],"replies":[{"embeddable":true,"href":"https:\/\/www.biketower.cz\/it\/wp-json\/wp\/v2\/comments?post=85"}],"version-history":[{"count":1,"href":"https:\/\/www.biketower.cz\/it\/wp-json\/wp\/v2\/pages\/85\/revisions"}],"predecessor-version":[{"id":876,"href":"https:\/\/www.biketower.cz\/it\/wp-json\/wp\/v2\/pages\/85\/revisions\/876"}],"wp:attachment":[{"href":"https:\/\/www.biketower.cz\/it\/wp-json\/wp\/v2\/media?parent=85"}],"curies":[{"name":"wp","href":"https:\/\/api.w.org\/{rel}","templated":true}]}}