{"id":113,"date":"2020-12-22T14:23:26","date_gmt":"2020-12-22T13:23:26","guid":{"rendered":"https:\/\/www.biketower.cz\/en\/?page_id=113"},"modified":"2024-05-06T16:57:58","modified_gmt":"2024-05-06T14:57:58","slug":"pardubice","status":"publish","type":"page","link":"https:\/\/www.biketower.cz\/lt\/pardubice\/","title":{"rendered":"Pardubice"},"content":{"rendered":"\n<p><strong>INVESTUOTOJAS: <\/strong>Pardubice miestas<br><strong>PAD\u0116TIS EKSPLOATACIJA:<\/strong> 2017 m<\/p>\n","protected":false},"excerpt":{"rendered":"<p>INVESTUOTOJAS: Pardubice miestasPAD\u0116TIS EKSPLOATACIJA: 2017 m<\/p>\n","protected":false},"author":1,"featured_media":0,"parent":0,"menu_order":0,"comment_status":"closed","ping_status":"closed","template":"parts\/obsazenost-detail-page-lt.php","meta":{"_acf_changed":false,"inline_featured_image":false,"footnotes":""},"class_list":["post-113","page","type-page","status-publish","hentry"],"acf":[],"yoast_head":"<!-- This site is optimized with the Yoast SEO plugin v25.9 - https:\/\/yoast.com\/wordpress\/plugins\/seo\/ -->\n<title>Pardubice - BIKETOWER - LT<\/title>\n<meta name=\"robots\" content=\"index, follow, max-snippet:-1, max-image-preview:large, max-video-preview:-1\" \/>\n<link rel=\"canonical\" href=\"https:\/\/www.biketower.cz\/lt\/pardubice\/\" \/>\n<meta property=\"og:locale\" content=\"cs_CZ\" \/>\n<meta property=\"og:type\" content=\"article\" \/>\n<meta property=\"og:title\" content=\"Pardubice - BIKETOWER - LT\" \/>\n<meta property=\"og:description\" content=\"INVESTUOTOJAS: Pardubice miestasPAD\u0116TIS EKSPLOATACIJA: 2017 m\" \/>\n<meta property=\"og:url\" content=\"https:\/\/www.biketower.cz\/lt\/pardubice\/\" \/>\n<meta property=\"og:site_name\" content=\"BIKETOWER - LT\" \/>\n<meta property=\"article:modified_time\" content=\"2024-05-06T14:57:58+00:00\" \/>\n<meta name=\"twitter:card\" content=\"summary_large_image\" \/>\n<meta name=\"twitter:label1\" content=\"Odhadovan\u00e1 doba \u010dten\u00ed\" \/>\n\t<meta name=\"twitter:data1\" content=\"1 minuta\" \/>\n<script type=\"application\/ld+json\" class=\"yoast-schema-graph\">{\"@context\":\"https:\/\/schema.org\",\"@graph\":[{\"@type\":\"WebPage\",\"@id\":\"https:\/\/www.biketower.cz\/lt\/pardubice\/\",\"url\":\"https:\/\/www.biketower.cz\/lt\/pardubice\/\",\"name\":\"Pardubice - BIKETOWER - LT\",\"isPartOf\":{\"@id\":\"https:\/\/www.biketower.cz\/lt\/#website\"},\"datePublished\":\"2020-12-22T13:23:26+00:00\",\"dateModified\":\"2024-05-06T14:57:58+00:00\",\"breadcrumb\":{\"@id\":\"https:\/\/www.biketower.cz\/lt\/pardubice\/#breadcrumb\"},\"inLanguage\":\"cs\",\"potentialAction\":[{\"@type\":\"ReadAction\",\"target\":[\"https:\/\/www.biketower.cz\/lt\/pardubice\/\"]}]},{\"@type\":\"BreadcrumbList\",\"@id\":\"https:\/\/www.biketower.cz\/lt\/pardubice\/#breadcrumb\",\"itemListElement\":[{\"@type\":\"ListItem\",\"position\":1,\"name\":\"Dom\u016f\",\"item\":\"https:\/\/www.biketower.cz\/lt\/\"},{\"@type\":\"ListItem\",\"position\":2,\"name\":\"Pardubice\"}]},{\"@type\":\"WebSite\",\"@id\":\"https:\/\/www.biketower.cz\/lt\/#website\",\"url\":\"https:\/\/www.biketower.cz\/lt\/\",\"name\":\"BIKETOWER - LT\",\"description\":\"\",\"potentialAction\":[{\"@type\":\"SearchAction\",\"target\":{\"@type\":\"EntryPoint\",\"urlTemplate\":\"https:\/\/www.biketower.cz\/lt\/?s={search_term_string}\"},\"query-input\":{\"@type\":\"PropertyValueSpecification\",\"valueRequired\":true,\"valueName\":\"search_term_string\"}}],\"inLanguage\":\"cs\"}]}<\/script>\n<!-- \/ Yoast SEO plugin. -->","yoast_head_json":{"title":"Pardubice - BIKETOWER - LT","robots":{"index":"index","follow":"follow","max-snippet":"max-snippet:-1","max-image-preview":"max-image-preview:large","max-video-preview":"max-video-preview:-1"},"canonical":"https:\/\/www.biketower.cz\/lt\/pardubice\/","og_locale":"cs_CZ","og_type":"article","og_title":"Pardubice - BIKETOWER - LT","og_description":"INVESTUOTOJAS: Pardubice miestasPAD\u0116TIS EKSPLOATACIJA: 2017 m","og_url":"https:\/\/www.biketower.cz\/lt\/pardubice\/","og_site_name":"BIKETOWER - LT","article_modified_time":"2024-05-06T14:57:58+00:00","twitter_card":"summary_large_image","twitter_misc":{"Odhadovan\u00e1 doba \u010dten\u00ed":"1 minuta"},"schema":{"@context":"https:\/\/schema.org","@graph":[{"@type":"WebPage","@id":"https:\/\/www.biketower.cz\/lt\/pardubice\/","url":"https:\/\/www.biketower.cz\/lt\/pardubice\/","name":"Pardubice - BIKETOWER - LT","isPartOf":{"@id":"https:\/\/www.biketower.cz\/lt\/#website"},"datePublished":"2020-12-22T13:23:26+00:00","dateModified":"2024-05-06T14:57:58+00:00","breadcrumb":{"@id":"https:\/\/www.biketower.cz\/lt\/pardubice\/#breadcrumb"},"inLanguage":"cs","potentialAction":[{"@type":"ReadAction","target":["https:\/\/www.biketower.cz\/lt\/pardubice\/"]}]},{"@type":"BreadcrumbList","@id":"https:\/\/www.biketower.cz\/lt\/pardubice\/#breadcrumb","itemListElement":[{"@type":"ListItem","position":1,"name":"Dom\u016f","item":"https:\/\/www.biketower.cz\/lt\/"},{"@type":"ListItem","position":2,"name":"Pardubice"}]},{"@type":"WebSite","@id":"https:\/\/www.biketower.cz\/lt\/#website","url":"https:\/\/www.biketower.cz\/lt\/","name":"BIKETOWER - LT","description":"","potentialAction":[{"@type":"SearchAction","target":{"@type":"EntryPoint","urlTemplate":"https:\/\/www.biketower.cz\/lt\/?s={search_term_string}"},"query-input":{"@type":"PropertyValueSpecification","valueRequired":true,"valueName":"search_term_string"}}],"inLanguage":"cs"}]}},"_links":{"self":[{"href":"https:\/\/www.biketower.cz\/lt\/wp-json\/wp\/v2\/pages\/113","targetHints":{"allow":["GET"]}}],"collection":[{"href":"https:\/\/www.biketower.cz\/lt\/wp-json\/wp\/v2\/pages"}],"about":[{"href":"https:\/\/www.biketower.cz\/lt\/wp-json\/wp\/v2\/types\/page"}],"author":[{"embeddable":true,"href":"https:\/\/www.biketower.cz\/lt\/wp-json\/wp\/v2\/users\/1"}],"replies":[{"embeddable":true,"href":"https:\/\/www.biketower.cz\/lt\/wp-json\/wp\/v2\/comments?post=113"}],"version-history":[{"count":4,"href":"https:\/\/www.biketower.cz\/lt\/wp-json\/wp\/v2\/pages\/113\/revisions"}],"predecessor-version":[{"id":1013,"href":"https:\/\/www.biketower.cz\/lt\/wp-json\/wp\/v2\/pages\/113\/revisions\/1013"}],"wp:attachment":[{"href":"https:\/\/www.biketower.cz\/lt\/wp-json\/wp\/v2\/media?parent=113"}],"curies":[{"name":"wp","href":"https:\/\/api.w.org\/{rel}","templated":true}]}}