{"id":183,"date":"2020-12-22T15:53:50","date_gmt":"2020-12-22T14:53:50","guid":{"rendered":"https:\/\/www.biketower.cz\/en\/?page_id=183"},"modified":"2024-05-06T16:52:20","modified_gmt":"2024-05-06T14:52:20","slug":"hodonin","status":"publish","type":"page","link":"https:\/\/www.biketower.cz\/lt\/hodonin\/","title":{"rendered":"Hodoninas"},"content":{"rendered":"\n<p><strong>INVESTUOTOJAS: <\/strong> Hodon\u00edn miestas<br><strong>PAD\u0116TIS EKSPLOATACIJA:<\/strong> 2018 m<\/p>\n","protected":false},"excerpt":{"rendered":"<p>INVESTUOTOJAS: Hodon\u00edn miestasPAD\u0116TIS EKSPLOATACIJA: 2018 m<\/p>\n","protected":false},"author":1,"featured_media":0,"parent":0,"menu_order":0,"comment_status":"closed","ping_status":"closed","template":"parts\/obsazenost-detail-page-lt.php","meta":{"_acf_changed":false,"inline_featured_image":false,"footnotes":""},"class_list":["post-183","page","type-page","status-publish","hentry"],"acf":[],"yoast_head":"<!-- This site is optimized with the Yoast SEO plugin v27.4 - https:\/\/yoast.com\/product\/yoast-seo-wordpress\/ -->\n<title>Hodoninas - BIKETOWER - LT<\/title>\n<meta name=\"robots\" content=\"index, follow, max-snippet:-1, max-image-preview:large, max-video-preview:-1\" \/>\n<link rel=\"canonical\" href=\"https:\/\/www.biketower.cz\/lt\/hodonin\/\" \/>\n<meta property=\"og:locale\" content=\"cs_CZ\" \/>\n<meta property=\"og:type\" content=\"article\" \/>\n<meta property=\"og:title\" content=\"Hodoninas - BIKETOWER - LT\" \/>\n<meta property=\"og:description\" content=\"INVESTUOTOJAS: Hodon\u00edn miestasPAD\u0116TIS EKSPLOATACIJA: 2018 m\" \/>\n<meta property=\"og:url\" content=\"https:\/\/www.biketower.cz\/lt\/hodonin\/\" \/>\n<meta property=\"og:site_name\" content=\"BIKETOWER - LT\" \/>\n<meta property=\"article:modified_time\" content=\"2024-05-06T14:52:20+00:00\" \/>\n<meta name=\"twitter:card\" content=\"summary_large_image\" \/>\n<meta name=\"twitter:label1\" content=\"Odhadovan\u00e1 doba \u010dten\u00ed\" \/>\n\t<meta name=\"twitter:data1\" content=\"1 minuta\" \/>\n<script type=\"application\/ld+json\" class=\"yoast-schema-graph\">{\"@context\":\"https:\\\/\\\/schema.org\",\"@graph\":[{\"@type\":\"WebPage\",\"@id\":\"https:\\\/\\\/www.biketower.cz\\\/lt\\\/hodonin\\\/\",\"url\":\"https:\\\/\\\/www.biketower.cz\\\/lt\\\/hodonin\\\/\",\"name\":\"Hodoninas - BIKETOWER - LT\",\"isPartOf\":{\"@id\":\"https:\\\/\\\/www.biketower.cz\\\/lt\\\/#website\"},\"datePublished\":\"2020-12-22T14:53:50+00:00\",\"dateModified\":\"2024-05-06T14:52:20+00:00\",\"breadcrumb\":{\"@id\":\"https:\\\/\\\/www.biketower.cz\\\/lt\\\/hodonin\\\/#breadcrumb\"},\"inLanguage\":\"cs\",\"potentialAction\":[{\"@type\":\"ReadAction\",\"target\":[\"https:\\\/\\\/www.biketower.cz\\\/lt\\\/hodonin\\\/\"]}]},{\"@type\":\"BreadcrumbList\",\"@id\":\"https:\\\/\\\/www.biketower.cz\\\/lt\\\/hodonin\\\/#breadcrumb\",\"itemListElement\":[{\"@type\":\"ListItem\",\"position\":1,\"name\":\"Dom\u016f\",\"item\":\"https:\\\/\\\/www.biketower.cz\\\/lt\\\/\"},{\"@type\":\"ListItem\",\"position\":2,\"name\":\"Hodoninas\"}]},{\"@type\":\"WebSite\",\"@id\":\"https:\\\/\\\/www.biketower.cz\\\/lt\\\/#website\",\"url\":\"https:\\\/\\\/www.biketower.cz\\\/lt\\\/\",\"name\":\"BIKETOWER - LT\",\"description\":\"\",\"potentialAction\":[{\"@type\":\"SearchAction\",\"target\":{\"@type\":\"EntryPoint\",\"urlTemplate\":\"https:\\\/\\\/www.biketower.cz\\\/lt\\\/?s={search_term_string}\"},\"query-input\":{\"@type\":\"PropertyValueSpecification\",\"valueRequired\":true,\"valueName\":\"search_term_string\"}}],\"inLanguage\":\"cs\"}]}<\/script>\n<!-- \/ Yoast SEO plugin. -->","yoast_head_json":{"title":"Hodoninas - BIKETOWER - LT","robots":{"index":"index","follow":"follow","max-snippet":"max-snippet:-1","max-image-preview":"max-image-preview:large","max-video-preview":"max-video-preview:-1"},"canonical":"https:\/\/www.biketower.cz\/lt\/hodonin\/","og_locale":"cs_CZ","og_type":"article","og_title":"Hodoninas - BIKETOWER - LT","og_description":"INVESTUOTOJAS: Hodon\u00edn miestasPAD\u0116TIS EKSPLOATACIJA: 2018 m","og_url":"https:\/\/www.biketower.cz\/lt\/hodonin\/","og_site_name":"BIKETOWER - LT","article_modified_time":"2024-05-06T14:52:20+00:00","twitter_card":"summary_large_image","twitter_misc":{"Odhadovan\u00e1 doba \u010dten\u00ed":"1 minuta"},"schema":{"@context":"https:\/\/schema.org","@graph":[{"@type":"WebPage","@id":"https:\/\/www.biketower.cz\/lt\/hodonin\/","url":"https:\/\/www.biketower.cz\/lt\/hodonin\/","name":"Hodoninas - BIKETOWER - LT","isPartOf":{"@id":"https:\/\/www.biketower.cz\/lt\/#website"},"datePublished":"2020-12-22T14:53:50+00:00","dateModified":"2024-05-06T14:52:20+00:00","breadcrumb":{"@id":"https:\/\/www.biketower.cz\/lt\/hodonin\/#breadcrumb"},"inLanguage":"cs","potentialAction":[{"@type":"ReadAction","target":["https:\/\/www.biketower.cz\/lt\/hodonin\/"]}]},{"@type":"BreadcrumbList","@id":"https:\/\/www.biketower.cz\/lt\/hodonin\/#breadcrumb","itemListElement":[{"@type":"ListItem","position":1,"name":"Dom\u016f","item":"https:\/\/www.biketower.cz\/lt\/"},{"@type":"ListItem","position":2,"name":"Hodoninas"}]},{"@type":"WebSite","@id":"https:\/\/www.biketower.cz\/lt\/#website","url":"https:\/\/www.biketower.cz\/lt\/","name":"BIKETOWER - LT","description":"","potentialAction":[{"@type":"SearchAction","target":{"@type":"EntryPoint","urlTemplate":"https:\/\/www.biketower.cz\/lt\/?s={search_term_string}"},"query-input":{"@type":"PropertyValueSpecification","valueRequired":true,"valueName":"search_term_string"}}],"inLanguage":"cs"}]}},"_links":{"self":[{"href":"https:\/\/www.biketower.cz\/lt\/wp-json\/wp\/v2\/pages\/183","targetHints":{"allow":["GET"]}}],"collection":[{"href":"https:\/\/www.biketower.cz\/lt\/wp-json\/wp\/v2\/pages"}],"about":[{"href":"https:\/\/www.biketower.cz\/lt\/wp-json\/wp\/v2\/types\/page"}],"author":[{"embeddable":true,"href":"https:\/\/www.biketower.cz\/lt\/wp-json\/wp\/v2\/users\/1"}],"replies":[{"embeddable":true,"href":"https:\/\/www.biketower.cz\/lt\/wp-json\/wp\/v2\/comments?post=183"}],"version-history":[{"count":6,"href":"https:\/\/www.biketower.cz\/lt\/wp-json\/wp\/v2\/pages\/183\/revisions"}],"predecessor-version":[{"id":977,"href":"https:\/\/www.biketower.cz\/lt\/wp-json\/wp\/v2\/pages\/183\/revisions\/977"}],"wp:attachment":[{"href":"https:\/\/www.biketower.cz\/lt\/wp-json\/wp\/v2\/media?parent=183"}],"curies":[{"name":"wp","href":"https:\/\/api.w.org\/{rel}","templated":true}]}}