{"id":195,"date":"2020-11-20T01:34:41","date_gmt":"2020-11-20T00:34:41","guid":{"rendered":"https:\/\/test.biketower.cz\/?page_id=195"},"modified":"2023-08-08T22:10:12","modified_gmt":"2023-08-08T20:10:12","slug":"obsazenost_sumperk_nadrazi","status":"publish","type":"page","link":"https:\/\/www.biketower.cz\/pl\/obsazenost_sumperk_nadrazi\/","title":{"rendered":"\u0160umperk"},"content":{"rendered":"\n<p><strong><strong>INWESTOR<\/strong>:<\/strong>\u00a0M\u011bsto \u0160umperk<br><strong><strong>REALIZACJA<\/strong>:<\/strong>\u00a02020<\/p>\n","protected":false},"excerpt":{"rendered":"<p>INWESTOR:\u00a0M\u011bsto \u0160umperkREALIZACJA:\u00a02020<\/p>\n","protected":false},"author":1,"featured_media":0,"parent":0,"menu_order":0,"comment_status":"closed","ping_status":"closed","template":"parts\/obsazenost-detail-page-pl.php","meta":{"_acf_changed":false,"inline_featured_image":false,"footnotes":""},"class_list":["post-195","page","type-page","status-publish","hentry"],"acf":[],"yoast_head":"<!-- This site is optimized with the Yoast SEO plugin v27.4 - https:\/\/yoast.com\/product\/yoast-seo-wordpress\/ -->\n<title>\u0160umperk - BIKETOWER - PL<\/title>\n<meta name=\"robots\" content=\"index, follow, max-snippet:-1, max-image-preview:large, max-video-preview:-1\" \/>\n<link rel=\"canonical\" href=\"https:\/\/www.biketower.cz\/pl\/obsazenost_sumperk_nadrazi\/\" \/>\n<meta property=\"og:locale\" content=\"cs_CZ\" \/>\n<meta property=\"og:type\" content=\"article\" \/>\n<meta property=\"og:title\" content=\"\u0160umperk - BIKETOWER - PL\" \/>\n<meta property=\"og:description\" content=\"INWESTOR:\u00a0M\u011bsto \u0160umperkREALIZACJA:\u00a02020\" \/>\n<meta property=\"og:url\" content=\"https:\/\/www.biketower.cz\/pl\/obsazenost_sumperk_nadrazi\/\" \/>\n<meta property=\"og:site_name\" content=\"BIKETOWER - PL\" \/>\n<meta property=\"article:modified_time\" content=\"2023-08-08T20:10:12+00:00\" \/>\n<meta name=\"twitter:card\" content=\"summary_large_image\" \/>\n<meta name=\"twitter:label1\" content=\"Odhadovan\u00e1 doba \u010dten\u00ed\" \/>\n\t<meta name=\"twitter:data1\" content=\"1 minuta\" \/>\n<script type=\"application\/ld+json\" class=\"yoast-schema-graph\">{\"@context\":\"https:\\\/\\\/schema.org\",\"@graph\":[{\"@type\":\"WebPage\",\"@id\":\"https:\\\/\\\/www.biketower.cz\\\/pl\\\/obsazenost_sumperk_nadrazi\\\/\",\"url\":\"https:\\\/\\\/www.biketower.cz\\\/pl\\\/obsazenost_sumperk_nadrazi\\\/\",\"name\":\"\u0160umperk - BIKETOWER - PL\",\"isPartOf\":{\"@id\":\"https:\\\/\\\/www.biketower.cz\\\/pl\\\/#website\"},\"datePublished\":\"2020-11-20T00:34:41+00:00\",\"dateModified\":\"2023-08-08T20:10:12+00:00\",\"breadcrumb\":{\"@id\":\"https:\\\/\\\/www.biketower.cz\\\/pl\\\/obsazenost_sumperk_nadrazi\\\/#breadcrumb\"},\"inLanguage\":\"cs\",\"potentialAction\":[{\"@type\":\"ReadAction\",\"target\":[\"https:\\\/\\\/www.biketower.cz\\\/pl\\\/obsazenost_sumperk_nadrazi\\\/\"]}]},{\"@type\":\"BreadcrumbList\",\"@id\":\"https:\\\/\\\/www.biketower.cz\\\/pl\\\/obsazenost_sumperk_nadrazi\\\/#breadcrumb\",\"itemListElement\":[{\"@type\":\"ListItem\",\"position\":1,\"name\":\"Dom\u016f\",\"item\":\"https:\\\/\\\/www.biketower.cz\\\/pl\\\/\"},{\"@type\":\"ListItem\",\"position\":2,\"name\":\"\u0160umperk\"}]},{\"@type\":\"WebSite\",\"@id\":\"https:\\\/\\\/www.biketower.cz\\\/pl\\\/#website\",\"url\":\"https:\\\/\\\/www.biketower.cz\\\/pl\\\/\",\"name\":\"BIKETOWER - PL\",\"description\":\"\",\"potentialAction\":[{\"@type\":\"SearchAction\",\"target\":{\"@type\":\"EntryPoint\",\"urlTemplate\":\"https:\\\/\\\/www.biketower.cz\\\/pl\\\/?s={search_term_string}\"},\"query-input\":{\"@type\":\"PropertyValueSpecification\",\"valueRequired\":true,\"valueName\":\"search_term_string\"}}],\"inLanguage\":\"cs\"}]}<\/script>\n<!-- \/ Yoast SEO plugin. -->","yoast_head_json":{"title":"\u0160umperk - BIKETOWER - PL","robots":{"index":"index","follow":"follow","max-snippet":"max-snippet:-1","max-image-preview":"max-image-preview:large","max-video-preview":"max-video-preview:-1"},"canonical":"https:\/\/www.biketower.cz\/pl\/obsazenost_sumperk_nadrazi\/","og_locale":"cs_CZ","og_type":"article","og_title":"\u0160umperk - BIKETOWER - PL","og_description":"INWESTOR:\u00a0M\u011bsto \u0160umperkREALIZACJA:\u00a02020","og_url":"https:\/\/www.biketower.cz\/pl\/obsazenost_sumperk_nadrazi\/","og_site_name":"BIKETOWER - PL","article_modified_time":"2023-08-08T20:10:12+00:00","twitter_card":"summary_large_image","twitter_misc":{"Odhadovan\u00e1 doba \u010dten\u00ed":"1 minuta"},"schema":{"@context":"https:\/\/schema.org","@graph":[{"@type":"WebPage","@id":"https:\/\/www.biketower.cz\/pl\/obsazenost_sumperk_nadrazi\/","url":"https:\/\/www.biketower.cz\/pl\/obsazenost_sumperk_nadrazi\/","name":"\u0160umperk - BIKETOWER - PL","isPartOf":{"@id":"https:\/\/www.biketower.cz\/pl\/#website"},"datePublished":"2020-11-20T00:34:41+00:00","dateModified":"2023-08-08T20:10:12+00:00","breadcrumb":{"@id":"https:\/\/www.biketower.cz\/pl\/obsazenost_sumperk_nadrazi\/#breadcrumb"},"inLanguage":"cs","potentialAction":[{"@type":"ReadAction","target":["https:\/\/www.biketower.cz\/pl\/obsazenost_sumperk_nadrazi\/"]}]},{"@type":"BreadcrumbList","@id":"https:\/\/www.biketower.cz\/pl\/obsazenost_sumperk_nadrazi\/#breadcrumb","itemListElement":[{"@type":"ListItem","position":1,"name":"Dom\u016f","item":"https:\/\/www.biketower.cz\/pl\/"},{"@type":"ListItem","position":2,"name":"\u0160umperk"}]},{"@type":"WebSite","@id":"https:\/\/www.biketower.cz\/pl\/#website","url":"https:\/\/www.biketower.cz\/pl\/","name":"BIKETOWER - PL","description":"","potentialAction":[{"@type":"SearchAction","target":{"@type":"EntryPoint","urlTemplate":"https:\/\/www.biketower.cz\/pl\/?s={search_term_string}"},"query-input":{"@type":"PropertyValueSpecification","valueRequired":true,"valueName":"search_term_string"}}],"inLanguage":"cs"}]}},"_links":{"self":[{"href":"https:\/\/www.biketower.cz\/pl\/wp-json\/wp\/v2\/pages\/195","targetHints":{"allow":["GET"]}}],"collection":[{"href":"https:\/\/www.biketower.cz\/pl\/wp-json\/wp\/v2\/pages"}],"about":[{"href":"https:\/\/www.biketower.cz\/pl\/wp-json\/wp\/v2\/types\/page"}],"author":[{"embeddable":true,"href":"https:\/\/www.biketower.cz\/pl\/wp-json\/wp\/v2\/users\/1"}],"replies":[{"embeddable":true,"href":"https:\/\/www.biketower.cz\/pl\/wp-json\/wp\/v2\/comments?post=195"}],"version-history":[{"count":3,"href":"https:\/\/www.biketower.cz\/pl\/wp-json\/wp\/v2\/pages\/195\/revisions"}],"predecessor-version":[{"id":1012,"href":"https:\/\/www.biketower.cz\/pl\/wp-json\/wp\/v2\/pages\/195\/revisions\/1012"}],"wp:attachment":[{"href":"https:\/\/www.biketower.cz\/pl\/wp-json\/wp\/v2\/media?parent=195"}],"curies":[{"name":"wp","href":"https:\/\/api.w.org\/{rel}","templated":true}]}}