{"id":21,"date":"2020-11-18T09:07:36","date_gmt":"2020-11-18T08:07:36","guid":{"rendered":"https:\/\/test.biketower.cz\/?page_id=21"},"modified":"2023-08-08T11:42:45","modified_gmt":"2023-08-08T09:42:45","slug":"dla-gmin-i-firm","status":"publish","type":"page","link":"https:\/\/www.biketower.cz\/pl\/dla-gmin-i-firm\/","title":{"rendered":"Dla gmin i firm"},"content":{"rendered":"\n<p>Cyklov\u011b\u017e je na\u0161e \u017eivotn\u00ed v\u00e1\u0161e\u0148 a jsme velmi r\u00e1di, kdy\u017e ji s\u202fV\u00e1mi m\u016f\u017eeme sd\u00edlet. Pokud m\u00e1te n\u011bjak\u00e9 ot\u00e1zky \u010di p\u0159ipom\u00ednky k cyklov\u011b\u017ei, vypl\u0148te n\u00e1m formul\u00e1\u0159 n\u00ed\u017ee. Ozveme se V\u00e1m v\u202fco nejkrat\u0161\u00ed mo\u017en\u00e9 chv\u00edli.<\/p>\n\n\n\n<p><strong>JEDNATEL<\/strong> Rudolf Bernart <br>Tel: +420 777 675 677, Email: rudolf.bernart@biketower.cz<\/p>\n\n\n\n<p><strong>JEDNATEL<\/strong> Boris Fuk\u00e1tko <br>Email: boris.fukatko@biketower.cz<\/p>\n\n\n\n<p>V\u00fdrobce <strong>SYSTEMATICA S.R.O.<\/strong><br>I\u010c: 28851587<br>S\u00eddlo: Pardubice, Jind\u0159i\u0161sk\u00e1 33<br>Zaps\u00e1na: KS Hradec Kr\u00e1lov\u00e9, odd\u00edl C, vlo\u017eka 30988<br><strong>info@biketower.cz<\/strong><\/p>\n","protected":false},"excerpt":{"rendered":"<p>Cyklov\u011b\u017e je na\u0161e \u017eivotn\u00ed v\u00e1\u0161e\u0148 a jsme velmi r\u00e1di, kdy\u017e ji s\u202fV\u00e1mi [&hellip;]<\/p>\n","protected":false},"author":1,"featured_media":0,"parent":0,"menu_order":0,"comment_status":"closed","ping_status":"closed","template":"parts\/pro-obce-a-firmy-page-pl.php","meta":{"_acf_changed":false,"inline_featured_image":false,"footnotes":""},"class_list":["post-21","page","type-page","status-publish","hentry"],"acf":[],"yoast_head":"<!-- This site is optimized with the Yoast SEO plugin v25.9 - https:\/\/yoast.com\/wordpress\/plugins\/seo\/ -->\n<title>Dla gmin i firm - BIKETOWER - PL<\/title>\n<meta name=\"robots\" content=\"index, follow, max-snippet:-1, max-image-preview:large, max-video-preview:-1\" \/>\n<link rel=\"canonical\" href=\"https:\/\/www.biketower.cz\/pl\/dla-gmin-i-firm\/\" \/>\n<meta property=\"og:locale\" content=\"cs_CZ\" \/>\n<meta property=\"og:type\" content=\"article\" \/>\n<meta property=\"og:title\" content=\"Dla gmin i firm - BIKETOWER - PL\" \/>\n<meta property=\"og:description\" content=\"Cyklov\u011b\u017e je na\u0161e \u017eivotn\u00ed v\u00e1\u0161e\u0148 a jsme velmi r\u00e1di, kdy\u017e ji s\u202fV\u00e1mi [&hellip;]\" \/>\n<meta property=\"og:url\" content=\"https:\/\/www.biketower.cz\/pl\/dla-gmin-i-firm\/\" \/>\n<meta property=\"og:site_name\" content=\"BIKETOWER - PL\" \/>\n<meta property=\"article:modified_time\" content=\"2023-08-08T09:42:45+00:00\" \/>\n<meta name=\"twitter:card\" content=\"summary_large_image\" \/>\n<meta name=\"twitter:label1\" content=\"Odhadovan\u00e1 doba \u010dten\u00ed\" \/>\n\t<meta name=\"twitter:data1\" content=\"1 minuta\" \/>\n<script type=\"application\/ld+json\" class=\"yoast-schema-graph\">{\"@context\":\"https:\/\/schema.org\",\"@graph\":[{\"@type\":\"WebPage\",\"@id\":\"https:\/\/www.biketower.cz\/pl\/dla-gmin-i-firm\/\",\"url\":\"https:\/\/www.biketower.cz\/pl\/dla-gmin-i-firm\/\",\"name\":\"Dla gmin i firm - BIKETOWER - PL\",\"isPartOf\":{\"@id\":\"https:\/\/www.biketower.cz\/pl\/#website\"},\"datePublished\":\"2020-11-18T08:07:36+00:00\",\"dateModified\":\"2023-08-08T09:42:45+00:00\",\"breadcrumb\":{\"@id\":\"https:\/\/www.biketower.cz\/pl\/dla-gmin-i-firm\/#breadcrumb\"},\"inLanguage\":\"cs\",\"potentialAction\":[{\"@type\":\"ReadAction\",\"target\":[\"https:\/\/www.biketower.cz\/pl\/dla-gmin-i-firm\/\"]}]},{\"@type\":\"BreadcrumbList\",\"@id\":\"https:\/\/www.biketower.cz\/pl\/dla-gmin-i-firm\/#breadcrumb\",\"itemListElement\":[{\"@type\":\"ListItem\",\"position\":1,\"name\":\"Dom\u016f\",\"item\":\"https:\/\/www.biketower.cz\/pl\/\"},{\"@type\":\"ListItem\",\"position\":2,\"name\":\"Dla gmin i firm\"}]},{\"@type\":\"WebSite\",\"@id\":\"https:\/\/www.biketower.cz\/pl\/#website\",\"url\":\"https:\/\/www.biketower.cz\/pl\/\",\"name\":\"BIKETOWER - PL\",\"description\":\"\",\"potentialAction\":[{\"@type\":\"SearchAction\",\"target\":{\"@type\":\"EntryPoint\",\"urlTemplate\":\"https:\/\/www.biketower.cz\/pl\/?s={search_term_string}\"},\"query-input\":{\"@type\":\"PropertyValueSpecification\",\"valueRequired\":true,\"valueName\":\"search_term_string\"}}],\"inLanguage\":\"cs\"}]}<\/script>\n<!-- \/ Yoast SEO plugin. -->","yoast_head_json":{"title":"Dla gmin i firm - BIKETOWER - PL","robots":{"index":"index","follow":"follow","max-snippet":"max-snippet:-1","max-image-preview":"max-image-preview:large","max-video-preview":"max-video-preview:-1"},"canonical":"https:\/\/www.biketower.cz\/pl\/dla-gmin-i-firm\/","og_locale":"cs_CZ","og_type":"article","og_title":"Dla gmin i firm - BIKETOWER - PL","og_description":"Cyklov\u011b\u017e je na\u0161e \u017eivotn\u00ed v\u00e1\u0161e\u0148 a jsme velmi r\u00e1di, kdy\u017e ji s\u202fV\u00e1mi [&hellip;]","og_url":"https:\/\/www.biketower.cz\/pl\/dla-gmin-i-firm\/","og_site_name":"BIKETOWER - PL","article_modified_time":"2023-08-08T09:42:45+00:00","twitter_card":"summary_large_image","twitter_misc":{"Odhadovan\u00e1 doba \u010dten\u00ed":"1 minuta"},"schema":{"@context":"https:\/\/schema.org","@graph":[{"@type":"WebPage","@id":"https:\/\/www.biketower.cz\/pl\/dla-gmin-i-firm\/","url":"https:\/\/www.biketower.cz\/pl\/dla-gmin-i-firm\/","name":"Dla gmin i firm - BIKETOWER - PL","isPartOf":{"@id":"https:\/\/www.biketower.cz\/pl\/#website"},"datePublished":"2020-11-18T08:07:36+00:00","dateModified":"2023-08-08T09:42:45+00:00","breadcrumb":{"@id":"https:\/\/www.biketower.cz\/pl\/dla-gmin-i-firm\/#breadcrumb"},"inLanguage":"cs","potentialAction":[{"@type":"ReadAction","target":["https:\/\/www.biketower.cz\/pl\/dla-gmin-i-firm\/"]}]},{"@type":"BreadcrumbList","@id":"https:\/\/www.biketower.cz\/pl\/dla-gmin-i-firm\/#breadcrumb","itemListElement":[{"@type":"ListItem","position":1,"name":"Dom\u016f","item":"https:\/\/www.biketower.cz\/pl\/"},{"@type":"ListItem","position":2,"name":"Dla gmin i firm"}]},{"@type":"WebSite","@id":"https:\/\/www.biketower.cz\/pl\/#website","url":"https:\/\/www.biketower.cz\/pl\/","name":"BIKETOWER - PL","description":"","potentialAction":[{"@type":"SearchAction","target":{"@type":"EntryPoint","urlTemplate":"https:\/\/www.biketower.cz\/pl\/?s={search_term_string}"},"query-input":{"@type":"PropertyValueSpecification","valueRequired":true,"valueName":"search_term_string"}}],"inLanguage":"cs"}]}},"_links":{"self":[{"href":"https:\/\/www.biketower.cz\/pl\/wp-json\/wp\/v2\/pages\/21","targetHints":{"allow":["GET"]}}],"collection":[{"href":"https:\/\/www.biketower.cz\/pl\/wp-json\/wp\/v2\/pages"}],"about":[{"href":"https:\/\/www.biketower.cz\/pl\/wp-json\/wp\/v2\/types\/page"}],"author":[{"embeddable":true,"href":"https:\/\/www.biketower.cz\/pl\/wp-json\/wp\/v2\/users\/1"}],"replies":[{"embeddable":true,"href":"https:\/\/www.biketower.cz\/pl\/wp-json\/wp\/v2\/comments?post=21"}],"version-history":[{"count":1,"href":"https:\/\/www.biketower.cz\/pl\/wp-json\/wp\/v2\/pages\/21\/revisions"}],"predecessor-version":[{"id":802,"href":"https:\/\/www.biketower.cz\/pl\/wp-json\/wp\/v2\/pages\/21\/revisions\/802"}],"wp:attachment":[{"href":"https:\/\/www.biketower.cz\/pl\/wp-json\/wp\/v2\/media?parent=21"}],"curies":[{"name":"wp","href":"https:\/\/api.w.org\/{rel}","templated":true}]}}